{"id":491,"date":"2020-08-04T08:52:37","date_gmt":"2020-08-04T06:52:37","guid":{"rendered":"http:\/\/betriebsschau.com\/?page_id=491"},"modified":"2022-06-23T16:10:17","modified_gmt":"2022-06-23T14:10:17","slug":"ueber-mich","status":"publish","type":"page","link":"https:\/\/lebensschau.com\/de\/ueber-mich\/","title":{"rendered":"\u00dcber mich"},"content":{"rendered":"<div id=\"pl-491\"  class=\"panel-layout\" ><div id=\"pg-491-0\"  class=\"panel-grid panel-no-style\" ><div id=\"pgc-491-0-0\"  class=\"panel-grid-cell\" ><div id=\"panel-491-0-0-0\" class=\"so-panel widget panel-first-child\" data-index=\"0\" ><\/div><div id=\"panel-491-0-0-1\" class=\"so-panel widget widget_text panel-last-child\" data-index=\"1\" >\t\t\t<div class=\"textwidget\"><p>&nbsp;<\/p>\n<p><center><\/p>\n<h1>\u00dcber mich<\/h1>\n<p><\/center><br \/>\n<img loading=\"lazy\" decoding=\"async\" class=\"aligncenter size-full wp-image-4708\" src=\"https:\/\/lebensschau.com\/wp-content\/uploads\/2022\/06\/renate_uebermich_2022-1.jpg\" alt=\"\" width=\"700\" height=\"466\" srcset=\"https:\/\/lebensschau.com\/wp-content\/uploads\/2022\/06\/renate_uebermich_2022-1.jpg 700w, https:\/\/lebensschau.com\/wp-content\/uploads\/2022\/06\/renate_uebermich_2022-1-300x200.jpg 300w, https:\/\/lebensschau.com\/wp-content\/uploads\/2022\/06\/renate_uebermich_2022-1-272x182.jpg 272w\" sizes=\"auto, (max-width: 700px) 100vw, 700px\" \/><\/p>\n<\/div>\n\t\t<\/div><\/div><\/div><div id=\"pg-491-1\"  class=\"panel-grid panel-no-style\" ><div id=\"pgc-491-1-0\"  class=\"panel-grid-cell\" ><div id=\"panel-491-1-0-0\" class=\"so-panel widget widget_text panel-first-child panel-last-child\" data-index=\"2\" >\t\t\t<div class=\"textwidget\"><p><img decoding=\"async\" src=\"https:\/\/lebensschau.com\/wp-content\/uploads\/2020\/08\/name.jpg\" \/><\/p>\n<p>Ich hatte das Gl\u00fcck, dreisprachig aufzuwachsen und durfte von klein auf viel reisen. Da mein Vater sowohl in Hong Kong als auch in Jakarta beruflich t\u00e4tig war, erlebte ich bereits als junger Mensch, wie wichtig <strong>gelungene Kommunikation<\/strong> in der Gestaltung von privaten und beruflichen Beziehungen ist und zwar \u00fcber alle Grenzen hinweg. Jahre sp\u00e4ter habe ich dann als gl\u00fcckliche Mutter zweier T\u00f6chter selbst erlebt, wie herausfordernd, aber auch bereichernd es sein kann,\u00a0<strong>Beruf und Familie im Alltag<\/strong>\u00a0unter den ber\u00fchmten Hut zu kriegen.<\/p>\n<p>Beruflich ging ich nach einem <strong>Studium der BWL in M\u00fcnchen<\/strong> zur Deutschen Bank und setzte mein erworbenes Wissen zun\u00e4chst als <strong>Firmenkundenbetreuerin<\/strong> um. Unternehmer bei der Arbeit zu beobachten und begleiten weckte in mir den Wunsch, die Seiten zu wechseln, und so gr\u00fcndete ich eine kleine <strong>Business-Sprachenschule<\/strong>, die ich seit \u00fcber 25 Jahren f\u00fchre. In der Zusammenarbeit mit kleinen Unternehmen, aber auch gro\u00dfen Konzernen wie Allianz, BMW und Microsoft lernte ich, dass es oft die <strong>menschlichen Themen<\/strong> waren, die letztendlich \u00fcber Erfolg oder Misserfolg entschieden \u2013 bei Kunden aber auch bei Mitarbeitern.<\/p>\n<p>Als ich vor nunmehr \u00fcber 10 Jahren Lust bekam, weitere berufliche Wege zu erkunden, kam die Entscheidung, den\u00a0<strong>Menschen hierbei in den Vordergrund<\/strong>\u00a0zu stellen, wie von selbst. Es ist mir wichtig, meinem Gegen\u00fcber unabh\u00e4ngig von Herkunft und Alter <strong>wertsch\u00e4tzend und achtsam<\/strong>\u00a0zu begegnen.<\/p>\n<p>Ich freue mich darauf, auf Ihr\u00a0bisheriges Leben zu schauen und gemeinsam mit Ihnen\u00a0<strong>neue Impulse f\u00fcr Ihre Zukunft<\/strong>\u00a0zu entwickeln!<\/p>\n<\/div>\n\t\t<\/div><\/div><\/div><div id=\"pg-491-2\"  class=\"panel-grid panel-has-style\" ><div class=\"panel-row-style panel-row-style-for-491-2\" ><div id=\"pgc-491-2-0\"  class=\"panel-grid-cell\" ><div id=\"panel-491-2-0-0\" class=\"so-panel widget widget_text panel-first-child panel-last-child\" data-index=\"3\" >\t\t\t<div class=\"textwidget\"><p><img decoding=\"async\" src=\"https:\/\/lebensschau.com\/wp-content\/uploads\/2020\/08\/ausbildungen_2.jpg\" \/><\/p>\n<p>\u2022 Zweij\u00e4hrige Coachingausbildung<br \/>\n\u2022 Zertifizierte familylab Familienberaterin<br \/>\n\u2022 Dipl. Kauffrau LMU M\u00fcnchen<br \/>\n\u2022 IHK Wirtschaftsmediatorin<br \/>\n\u2022 staatlich gepr\u00fcfte Heilpraktikerin f\u00fcr Psychotherapie<br \/>\n\u2022\u00a0Trauerbegleiterin<br \/>\n\u2022 Entspannungstherapeutin<\/p>\n<\/div>\n\t\t<\/div><\/div><div id=\"pgc-491-2-1\"  class=\"panel-grid-cell\" ><div id=\"panel-491-2-1-0\" class=\"so-panel widget widget_text panel-first-child panel-last-child\" data-index=\"4\" >\t\t\t<div class=\"textwidget\"><p><img decoding=\"async\" src=\"https:\/\/lebensschau.com\/wp-content\/uploads\/2020\/08\/fortbildungen_2.jpg\" \/><\/p>\n<ul>\n<li>Krisenintervention<\/li>\n<li>Harvard Master Negotiation Class (Harvard University, Cambridge)<\/li>\n<li>NLP Practitioner bei Dr. Bandler<\/li>\n<li>Design Thinking<\/li>\n<li>Verhaltenstherapie<\/li>\n<li>Achtsamkeit bei Jon Kabat-Zinn<\/li>\n<\/ul>\n<\/div>\n\t\t<\/div><\/div><\/div><\/div><div id=\"pg-491-3\"  class=\"panel-grid panel-no-style\" ><div id=\"pgc-491-3-0\"  class=\"panel-grid-cell\" ><div id=\"panel-491-3-0-0\" class=\"so-panel widget widget_text panel-first-child panel-last-child\" data-index=\"5\" >\t\t\t<div class=\"textwidget\"><p>\u00dcbrigens verf\u00fcge ich \u00fcber ein umfangreiches <strong>Netzwerk an Spezialisten<\/strong> aus den verschiedensten Bereichen, das bei Bedarf gerne eingebunden werden kann.<\/p>\n<\/div>\n\t\t<\/div><\/div><\/div><div id=\"pg-491-4\"  class=\"panel-grid panel-no-style\" ><div id=\"pgc-491-4-0\"  class=\"panel-grid-cell\" ><div id=\"panel-491-4-0-0\" class=\"so-panel widget panel-first-child\" data-index=\"6\" ><\/div><div id=\"panel-491-4-0-1\" class=\"so-panel widget widget_text panel-last-child\" data-index=\"7\" >\t\t\t<div class=\"textwidget\"><div class=\"wp-block-spacer\" style=\"height: 60px;\" aria-hidden=\"true\"><\/div>\n<h2><span style=\"color: #005a9a;\">Alles beginnt mit einem Gespr\u00e4ch. Erreichen Sie mir Ihre beruflichen und\/oder privaten Ziele. Das Erstgespr\u00e4ch ist gratis und auch danach verpflichten Sie sich nur von Termin zu Termin ohne vertragliche Bindung.\u00a0<\/span><span style=\"color: #005a9a;\">Nehmen Sie heute noch Kontakt auf:<\/span><\/h2>\n<\/div>\n\t\t<\/div><\/div><div id=\"pgc-491-4-1\"  class=\"panel-grid-cell\" ><div id=\"panel-491-4-1-0\" class=\"so-panel widget panel-first-child\" data-index=\"8\" ><\/div><div id=\"panel-491-4-1-1\" class=\"so-panel widget widget_text panel-last-child\" data-index=\"9\" >\t\t\t<div class=\"textwidget\"><p><img loading=\"lazy\" decoding=\"async\" class=\"aligncenter size-full wp-image-4601\" src=\"https:\/\/lebensschau.com\/wp-content\/uploads\/2022\/05\/renate_2022_4.png\" alt=\"\" width=\"400\" height=\"421\" srcset=\"https:\/\/lebensschau.com\/wp-content\/uploads\/2022\/05\/renate_2022_4.png 400w, https:\/\/lebensschau.com\/wp-content\/uploads\/2022\/05\/renate_2022_4-285x300.png 285w\" sizes=\"auto, (max-width: 400px) 100vw, 400px\" \/><br \/>\n<img loading=\"lazy\" decoding=\"async\" class=\"aligncenter size-full wp-image-1755\" src=\"https:\/\/lebensschau.com\/wp-content\/uploads\/2020\/09\/renate_mistral_blau.jpg\" alt=\"\" width=\"227\" height=\"58\" \/><\/p>\n<\/div>\n\t\t<\/div><\/div><\/div><div id=\"pg-491-5\"  class=\"panel-grid panel-has-style\" ><div class=\"siteorigin-panels-stretch panel-row-style panel-row-style-for-491-5\" id=\"Kontakt\" data-stretch-type=\"full\" ><div id=\"pgc-491-5-0\"  class=\"panel-grid-cell\" ><div id=\"panel-491-5-0-0\" class=\"so-panel widget widget_text panel-first-child panel-last-child\" data-index=\"10\" >\t\t\t<div class=\"textwidget\">\n<div class=\"wpcf7 no-js\" id=\"wpcf7-f5-o1\" lang=\"de-DE\" dir=\"ltr\" data-wpcf7-id=\"5\">\n<div class=\"screen-reader-response\"><p role=\"status\" aria-live=\"polite\" aria-atomic=\"true\"><\/p> <ul><\/ul><\/div>\n<form action=\"\/de\/wp-json\/wp\/v2\/pages\/491#wpcf7-f5-o1\" method=\"post\" class=\"wpcf7-form init\" aria-label=\"Kontaktformular\" novalidate=\"novalidate\" data-status=\"init\">\n<fieldset class=\"hidden-fields-container\"><input type=\"hidden\" name=\"_wpcf7\" value=\"5\" \/><input type=\"hidden\" name=\"_wpcf7_version\" value=\"6.1.4\" \/><input type=\"hidden\" name=\"_wpcf7_locale\" value=\"de_DE\" \/><input type=\"hidden\" name=\"_wpcf7_unit_tag\" value=\"wpcf7-f5-o1\" \/><input type=\"hidden\" name=\"_wpcf7_container_post\" value=\"0\" \/><input type=\"hidden\" name=\"_wpcf7_posted_data_hash\" value=\"\" \/>\n<\/fieldset>\n<div id=\"responsive-form\" class=\"clearfix\">\n\t<div class=\"form-row\">\n\t\t<div class=\"column-half\">\n\t\t\t<h3>\n\t\t\t\t<font color=\"#000000\">Ihr Name (Pflichtfeld)\n\t\t\t\t<\/font>\n\t\t\t<\/h3>\n\t\t\t<p><span class=\"wpcf7-form-control-wrap\" data-name=\"vorname\"><input size=\"40\" maxlength=\"400\" class=\"wpcf7-form-control wpcf7-text wpcf7-validates-as-required\" aria-required=\"true\" aria-invalid=\"false\" value=\"\" type=\"text\" name=\"vorname\" \/><\/span>\n\t\t\t<\/p>\n\t\t<\/div>\n\t\t<div class=\"column-half\">\n\t\t\t<h3>\n\t\t\t\t<font color=\"#000000\">Ihre E-mail (Pflichtfeld)\n\t\t\t\t<\/font>\n\t\t\t<\/h3>\n\t\t\t<p><span class=\"wpcf7-form-control-wrap\" data-name=\"email\"><input size=\"40\" maxlength=\"400\" class=\"wpcf7-form-control wpcf7-email wpcf7-validates-as-required wpcf7-text wpcf7-validates-as-email\" aria-required=\"true\" aria-invalid=\"false\" value=\"\" type=\"email\" name=\"email\" \/><\/span>\n\t\t\t<\/p>\n\t\t<\/div>\n\t<\/div>\n\t<div class=\"form-row\">\n\t\t<div class=\"column-full\">\n\t\t\t<h3>\n\t\t\t\t<font color=\"#000000\">Ihr Anliegen:\n\t\t\t\t<\/font>\n\t\t\t<\/h3>\n\t\t\t<p><span class=\"wpcf7-form-control-wrap\" data-name=\"your-message\"><textarea cols=\"40\" rows=\"10\" maxlength=\"2000\" class=\"wpcf7-form-control wpcf7-textarea\" aria-invalid=\"false\" name=\"your-message\"><\/textarea><\/span>\n\t\t\t<\/p>\n\t\t<\/div>\n\t<\/div>\n\t<div class=\"form-row\">\n\t\t<div class=\"column-full\">\n\t\t\t<font color=\"#000000\"> Bitte vor Versand die Box anklicken (Pflichtfeld):\n\t\t\t\t<p><span class=\"wpcf7-form-control-wrap\" data-name=\"acceptance-827\"><span class=\"wpcf7-form-control wpcf7-acceptance\"><span class=\"wpcf7-list-item\"><input type=\"checkbox\" name=\"acceptance-827\" value=\"1\" aria-invalid=\"false\" \/><\/span><\/span><\/span> Datenschutz ist mir wichtig. Ihre Daten werden nur zur Kontaktaufnahme verwendet und nicht weitergegeben. N\u00e4heres zum Datenschutz finden Sie <a href=\"https:\/\/lebensschau.com\/datenschutz\/\">hier<\/a>.\n\t\t\t\t<\/p>\n\t\t\t<\/font>\n\t\t<\/div>\n\t<\/div>\n\t<div class=\"form-row\">\n\t\t<div class=\"column-full\">\n\t\t\t<p><input class=\"wpcf7-form-control wpcf7-submit has-spinner\" type=\"submit\" value=\"Senden\" \/>\n\t\t\t<\/p>\n\t\t<\/div>\n\t<\/div>\n<\/div><!--end responsive-form--><div class=\"wpcf7-response-output\" aria-hidden=\"true\"><\/div>\n<\/form>\n<\/div>\n\n<\/div>\n\t\t<\/div><\/div><\/div><\/div><\/div>","protected":false},"excerpt":{"rendered":"<p>&nbsp; \u00dcber mich Ich hatte das Gl\u00fcck, dreisprachig aufzuwachsen und durfte von klein auf viel reisen. Da mein Vater sowohl in Hong Kong als auch&hellip;<\/p>\n","protected":false},"author":1,"featured_media":0,"parent":0,"menu_order":0,"comment_status":"closed","ping_status":"closed","template":"","meta":{"footnotes":""},"class_list":["post-491","page","type-page","status-publish","hentry"],"_links":{"self":[{"href":"https:\/\/lebensschau.com\/de\/wp-json\/wp\/v2\/pages\/491","targetHints":{"allow":["GET"]}}],"collection":[{"href":"https:\/\/lebensschau.com\/de\/wp-json\/wp\/v2\/pages"}],"about":[{"href":"https:\/\/lebensschau.com\/de\/wp-json\/wp\/v2\/types\/page"}],"author":[{"embeddable":true,"href":"https:\/\/lebensschau.com\/de\/wp-json\/wp\/v2\/users\/1"}],"replies":[{"embeddable":true,"href":"https:\/\/lebensschau.com\/de\/wp-json\/wp\/v2\/comments?post=491"}],"version-history":[{"count":57,"href":"https:\/\/lebensschau.com\/de\/wp-json\/wp\/v2\/pages\/491\/revisions"}],"predecessor-version":[{"id":4711,"href":"https:\/\/lebensschau.com\/de\/wp-json\/wp\/v2\/pages\/491\/revisions\/4711"}],"wp:attachment":[{"href":"https:\/\/lebensschau.com\/de\/wp-json\/wp\/v2\/media?parent=491"}],"curies":[{"name":"wp","href":"https:\/\/api.w.org\/{rel}","templated":true}]}}