{"id":3411,"date":"2020-11-23T14:38:15","date_gmt":"2020-11-23T13:38:15","guid":{"rendered":"https:\/\/lebensschau.com\/?page_id=3411"},"modified":"2022-05-31T16:21:47","modified_gmt":"2022-05-31T14:21:47","slug":"coaching-fuer-deutsche-expats-im-ausland","status":"publish","type":"page","link":"https:\/\/lebensschau.com\/de\/coaching-fuer-deutsche-expats-im-ausland\/","title":{"rendered":"Expat"},"content":{"rendered":"<div id=\"pl-3411\"  class=\"panel-layout\" ><div id=\"pg-3411-0\"  class=\"panel-grid panel-no-style\" ><div id=\"pgc-3411-0-0\"  class=\"panel-grid-cell\" ><div id=\"panel-3411-0-0-0\" class=\"so-panel widget panel-first-child\" data-index=\"0\" ><\/div><div id=\"panel-3411-0-0-1\" class=\"so-panel widget widget_text panel-last-child\" data-index=\"1\" >\t\t\t<div class=\"textwidget\"><p><center><\/p>\n<h1><span style=\"color: #31ac60;\"><strong>Coaching f\u00fcr deutsche Expats im Ausland<\/strong><\/span><br \/>\nCoaching in deutscher Sprache auch wenn Sie im Ausland leben<\/h1>\n<p><\/center><\/p>\n<\/div>\n\t\t<\/div><\/div><\/div><div id=\"pg-3411-1\"  class=\"panel-grid panel-no-style\" ><div id=\"pgc-3411-1-0\"  class=\"panel-grid-cell\" ><div id=\"panel-3411-1-0-0\" class=\"so-panel widget widget_text panel-first-child panel-last-child\" data-index=\"2\" >\t\t\t<div class=\"textwidget\"><p><img loading=\"lazy\" decoding=\"async\" class=\"aligncenter size-full wp-image-903\" src=\"https:\/\/lebensschau.com\/wp-content\/uploads\/2020\/08\/hands-600497_1920-1024x683-1.jpg\" alt=\"\" width=\"1024\" height=\"683\" srcset=\"https:\/\/lebensschau.com\/wp-content\/uploads\/2020\/08\/hands-600497_1920-1024x683-1.jpg 1024w, https:\/\/lebensschau.com\/wp-content\/uploads\/2020\/08\/hands-600497_1920-1024x683-1-300x200.jpg 300w, https:\/\/lebensschau.com\/wp-content\/uploads\/2020\/08\/hands-600497_1920-1024x683-1-768x512.jpg 768w\" sizes=\"auto, (max-width: 1024px) 100vw, 1024px\" \/><\/p>\n<\/div>\n\t\t<\/div><\/div><\/div><div id=\"pg-3411-2\"  class=\"panel-grid panel-no-style\" ><div id=\"pgc-3411-2-0\"  class=\"panel-grid-cell\" ><div id=\"panel-3411-2-0-0\" class=\"so-panel widget panel-first-child\" data-index=\"3\" ><\/div><div id=\"panel-3411-2-0-1\" class=\"so-panel widget widget_text panel-last-child\" data-index=\"4\" >\t\t\t<div class=\"textwidget\"><p>Als \u201e<strong>expat<\/strong>\u201c nehmen wir unsere Themen mit und die k\u00f6nnen uns <strong>auch im Ausland ganz sch\u00f6n im Weg stehen<\/strong>. Schwierige Themen wie Partnerschaftsprobleme, Erziehungsthemen oder berufliche Herausforderungen besprechen wir am liebsten <strong>in unserer Muttersprache<\/strong>\u00a0&#8211; und genau dieses biete ich als <strong>Online Coach<\/strong> weltweit an.<\/p>\n<p>Dank meines <strong>multikulturellen Backgrounds<\/strong> und jahrelanger eigener Expat-Erfahrung aber auch als <strong>versierter Coach<\/strong> kenne ich die Themen, die Sie als Mensch besch\u00e4ftigen. Ebenso wie die Herausforderungen, die auf einen warten, wenn man irgendwo auf der Welt quasi bei Null beginnen und sich ein neues Leben aufbauen muss \u2013 beruflich wie privat. Und nat\u00fcrlich bin ich auch gerne f\u00fcr Sie da, wenn Sie dar\u00fcber nachdenken, ob nach vielen Jahren im Ausland eine <strong>R\u00fcckkehr nach Deutschland<\/strong> f\u00fcr Sie sinnvoll ist.<\/p>\n<p>Mehr Informationen zu einzelnen beruflichen wie privaten Themen finden Sie unter \u201e<strong>Business<\/strong>\u201c und \u201e<strong>Life<\/strong>\u201c<\/p>\n<p>Als <strong>L\u00f6sungsexpertin mit viel interkultureller Lebenserfahrung<\/strong> freue ich mich darauf, mit Ihnen gemeinsam <strong>neue Strategien f\u00fcr Sie und bei Bedarf auch f\u00fcr Ihre Familie<\/strong> zu entwickeln und Ihnen dabei gute Ideen f\u00fcr die aktuellen Probleme in Ihrem Leben mitzugeben.<\/p>\n<\/div>\n\t\t<\/div><\/div><\/div><div id=\"pg-3411-3\"  class=\"panel-grid panel-has-style\" ><div class=\"panel-row-style panel-row-style-for-3411-3\" ><div id=\"pgc-3411-3-0\"  class=\"panel-grid-cell\" ><div id=\"panel-3411-3-0-0\" class=\"so-panel widget widget_text panel-first-child panel-last-child\" data-index=\"5\" >\t\t\t<div class=\"textwidget\"><h2><strong><span style=\"color: #31ac60;\">\u00dcber mich<\/span><\/strong><\/h2>\n<p>Ich hatte das Gl\u00fcck dreisprachig aufzuwachsen und durfte von klein auf viel reisen. Da mein Vater sowohl in Hong Kong als auch in Jakarta beruflich t\u00e4tig war, erlebte ich bereits als junger Mensch wie wichtig <strong>gelungene Kommunikation<\/strong> in der Gestaltung von privaten und beruflichen Beziehungen ist und zwar \u00fcber alle Grenzen hinweg. Jahre sp\u00e4ter habe ich dann als gl\u00fcckliche Mutter zweier T\u00f6chter selbst erlebt wie herausfordernd, aber auch bereichernd es sein kann,\u00a0<strong>Beruf und Familie im Alltag<\/strong>\u00a0unter den ber\u00fchmten Hut zu kriegen.<\/p>\n<p>Beruflich ging ich nach einem <strong>Studium der BWL in M\u00fcnchen<\/strong> zur Deutschen Bank und setzte mein erworbenes Wissen zun\u00e4chst als <strong>Firmenkundenbetreuerin<\/strong> um. Unternehmer bei der Arbeit zu beobachten und begleiten weckte in mir den Wunsch die Seiten zu wechseln und so gr\u00fcndete ich eine kleine <strong>Business-Sprachenschule<\/strong>, die ich seit \u00fcber 25 Jahren f\u00fchre. In der Zusammenarbeit mit kleinen Unternehmen aber auch gro\u00dfen Konzernen wie Allianz, BMW und Microsoft lernte ich, dass es oft die <strong>menschlichen Themen<\/strong> waren, die letztendlich \u00fcber Erfolg oder Misserfolg entschieden \u2013 bei Kunden aber auch bei Mitarbeitern.<\/p>\n<p>Als ich vor nunmehr \u00fcber 10 Jahren Lust bekam, weitere berufliche Wege zu erkunden, kam die Entscheidung, den\u00a0<strong>Menschen hierbei in den Vordergrund<\/strong>\u00a0zu stellen, wie von selbst. Es ist mir wichtig, meinem Gegen\u00fcber unabh\u00e4ngig von Herkunft und Alter <strong>wertsch\u00e4tzend und achtsam<\/strong>\u00a0zu begegnen.<\/p>\n<p>Ich freue mich darauf, auf Ihr\u00a0bisheriges Leben zu schauen und gemeinsam mit Ihnen\u00a0<strong>neue Impulse f\u00fcr Ihre Zukunft<\/strong>\u00a0zu entwickeln!<\/p>\n<\/div>\n\t\t<\/div><\/div><div id=\"pgc-3411-3-1\"  class=\"panel-grid-cell\" ><div id=\"panel-3411-3-1-0\" class=\"so-panel widget widget_text panel-first-child panel-last-child\" data-index=\"6\" >\t\t\t<div class=\"textwidget\"><div class=\"wp-block-spacer\" style=\"height: 60px;\" aria-hidden=\"true\"><\/div>\n<p><img loading=\"lazy\" decoding=\"async\" class=\"aligncenter size-full wp-image-4591\" src=\"https:\/\/lebensschau.com\/wp-content\/uploads\/2022\/05\/renate_2022_hochformat.jpg\" alt=\"\" width=\"500\" height=\"751\" srcset=\"https:\/\/lebensschau.com\/wp-content\/uploads\/2022\/05\/renate_2022_hochformat.jpg 500w, https:\/\/lebensschau.com\/wp-content\/uploads\/2022\/05\/renate_2022_hochformat-200x300.jpg 200w\" sizes=\"auto, (max-width: 500px) 100vw, 500px\" \/><\/p>\n<p><img loading=\"lazy\" decoding=\"async\" class=\"aligncenter size-full wp-image-2410\" src=\"https:\/\/lebensschau.com\/wp-content\/uploads\/2020\/09\/renate_transparent.png\" alt=\"\" width=\"226\" height=\"58\" \/><\/p>\n<p>&nbsp;<\/p>\n<\/div>\n\t\t<\/div><\/div><\/div><\/div><div id=\"pg-3411-4\"  class=\"panel-grid panel-no-style\" ><div id=\"pgc-3411-4-0\"  class=\"panel-grid-cell panel-grid-cell-empty\" ><\/div><\/div><div id=\"pg-3411-5\"  class=\"panel-grid panel-has-style\" ><div class=\"panel-row-style panel-row-style-for-3411-5\" ><div id=\"pgc-3411-5-0\"  class=\"panel-grid-cell\" ><div id=\"panel-3411-5-0-0\" class=\"so-panel widget widget_text panel-first-child panel-last-child\" data-index=\"7\" >\t\t\t<div class=\"textwidget\"><h2><span style=\"color: #31ac60;\">Screenshots von 2 meiner Bewertungen:<\/span><\/h2>\n<p>Weitere finden Sie\u00a0<a href=\"https:\/\/www.google.de\/search?client=safari&amp;sxsrf=ALeKk01MTQJPm986UF-om7WHjluHepL2Ew%3A1596302172568&amp;source=hp&amp;ei=XKMlX97hH-yfjLsPiPOgyA8&amp;q=Renate+Br%C3%B6ckel+Lebensschau&amp;oq=Renate+Br%C3%B6ckel+Lebensschau\" target=\"_blank\" rel=\"noopener\">hier<\/a>.<\/p>\n<p align=\"justify\"><img loading=\"lazy\" decoding=\"async\" class=\"aligncenter size-full wp-image-758\" src=\"https:\/\/lebensschau.com\/wp-content\/uploads\/2020\/08\/Bildschirmfoto-2020-08-24-um-11.02.10.png\" alt=\"\" width=\"2340\" height=\"290\" srcset=\"https:\/\/lebensschau.com\/wp-content\/uploads\/2020\/08\/Bildschirmfoto-2020-08-24-um-11.02.10.png 2340w, https:\/\/lebensschau.com\/wp-content\/uploads\/2020\/08\/Bildschirmfoto-2020-08-24-um-11.02.10-300x37.png 300w, https:\/\/lebensschau.com\/wp-content\/uploads\/2020\/08\/Bildschirmfoto-2020-08-24-um-11.02.10-1024x127.png 1024w, https:\/\/lebensschau.com\/wp-content\/uploads\/2020\/08\/Bildschirmfoto-2020-08-24-um-11.02.10-768x95.png 768w, https:\/\/lebensschau.com\/wp-content\/uploads\/2020\/08\/Bildschirmfoto-2020-08-24-um-11.02.10-1536x190.png 1536w, https:\/\/lebensschau.com\/wp-content\/uploads\/2020\/08\/Bildschirmfoto-2020-08-24-um-11.02.10-2048x254.png 2048w\" sizes=\"auto, (max-width: 2340px) 100vw, 2340px\" \/><\/p>\n<p align=\"justify\"><img loading=\"lazy\" decoding=\"async\" class=\"aligncenter size-full wp-image-3362\" src=\"https:\/\/lebensschau.com\/wp-content\/uploads\/2020\/11\/gerste_bewertung_deutsch.jpg\" alt=\"\" width=\"1373\" height=\"1079\" srcset=\"https:\/\/lebensschau.com\/wp-content\/uploads\/2020\/11\/gerste_bewertung_deutsch.jpg 1373w, https:\/\/lebensschau.com\/wp-content\/uploads\/2020\/11\/gerste_bewertung_deutsch-300x236.jpg 300w, https:\/\/lebensschau.com\/wp-content\/uploads\/2020\/11\/gerste_bewertung_deutsch-1024x805.jpg 1024w, https:\/\/lebensschau.com\/wp-content\/uploads\/2020\/11\/gerste_bewertung_deutsch-768x604.jpg 768w\" sizes=\"auto, (max-width: 1373px) 100vw, 1373px\" \/><\/p>\n<\/div>\n\t\t<\/div><\/div><\/div><\/div><div id=\"pg-3411-6\"  class=\"panel-grid panel-has-style\" ><div id=\"Kontakt\" class=\"panel-row-style panel-row-style-for-3411-6\" ><div id=\"pgc-3411-6-0\"  class=\"panel-grid-cell\" ><div id=\"panel-3411-6-0-0\" class=\"so-panel widget panel-first-child\" data-index=\"8\" ><\/div><div id=\"panel-3411-6-0-1\" class=\"so-panel widget widget_text panel-last-child\" data-index=\"9\" >\t\t\t<div class=\"textwidget\"><div class=\"wp-block-spacer\" style=\"height: 30px;\" aria-hidden=\"true\"><\/div>\n<h2><span style=\"color: #31ac60;\">Alles beginnt mit einem Gespr\u00e4ch. Finden Sie mit meiner Unterst\u00fctzung die passenden L\u00f6sungen f\u00fcr Ihre Berufs- und Lebensthemen. Das Vorgespr\u00e4ch ist gratis und auch danach gehen Sie keine vertragliche Bindung ein und k\u00f6nnen die Zahl der Termine frei bestimmen.\u00a0<\/span><span style=\"color: #31ac60;\">Nehmen Sie noch heute Kontakt auf:<\/span><\/h2>\n<\/div>\n\t\t<\/div><\/div><div id=\"pgc-3411-6-1\"  class=\"panel-grid-cell\" ><div id=\"panel-3411-6-1-0\" class=\"so-panel widget panel-first-child\" data-index=\"10\" ><\/div><div id=\"panel-3411-6-1-1\" class=\"so-panel widget widget_text panel-last-child\" data-index=\"11\" >\t\t\t<div class=\"textwidget\"><p><img loading=\"lazy\" decoding=\"async\" class=\"aligncenter size-full wp-image-4601\" src=\"https:\/\/lebensschau.com\/wp-content\/uploads\/2022\/05\/renate_2022_4.png\" alt=\"\" width=\"400\" height=\"421\" srcset=\"https:\/\/lebensschau.com\/wp-content\/uploads\/2022\/05\/renate_2022_4.png 400w, https:\/\/lebensschau.com\/wp-content\/uploads\/2022\/05\/renate_2022_4-285x300.png 285w\" sizes=\"auto, (max-width: 400px) 100vw, 400px\" \/><\/p>\n<p><img loading=\"lazy\" decoding=\"async\" class=\"aligncenter size-full wp-image-2410\" src=\"https:\/\/lebensschau.com\/wp-content\/uploads\/2020\/09\/renate_transparent.png\" alt=\"\" width=\"226\" height=\"58\" \/><\/p>\n<\/div>\n\t\t<\/div><\/div><\/div><\/div><div id=\"pg-3411-7\"  class=\"panel-grid panel-has-style\" ><div class=\"siteorigin-panels-stretch panel-row-style panel-row-style-for-3411-7\" data-stretch-type=\"full\" ><div id=\"pgc-3411-7-0\"  class=\"panel-grid-cell\" ><div id=\"panel-3411-7-0-0\" class=\"so-panel widget widget_text panel-first-child panel-last-child\" data-index=\"12\" >\t\t\t<div class=\"textwidget\">\n<div class=\"wpcf7 no-js\" id=\"wpcf7-f5-o1\" lang=\"de-DE\" dir=\"ltr\" data-wpcf7-id=\"5\">\n<div class=\"screen-reader-response\"><p role=\"status\" aria-live=\"polite\" aria-atomic=\"true\"><\/p> <ul><\/ul><\/div>\n<form action=\"\/de\/wp-json\/wp\/v2\/pages\/3411#wpcf7-f5-o1\" method=\"post\" class=\"wpcf7-form init\" aria-label=\"Kontaktformular\" novalidate=\"novalidate\" data-status=\"init\">\n<fieldset class=\"hidden-fields-container\"><input type=\"hidden\" name=\"_wpcf7\" value=\"5\" \/><input type=\"hidden\" name=\"_wpcf7_version\" value=\"6.1.4\" \/><input type=\"hidden\" name=\"_wpcf7_locale\" value=\"de_DE\" \/><input type=\"hidden\" name=\"_wpcf7_unit_tag\" value=\"wpcf7-f5-o1\" \/><input type=\"hidden\" name=\"_wpcf7_container_post\" value=\"0\" \/><input type=\"hidden\" name=\"_wpcf7_posted_data_hash\" value=\"\" \/>\n<\/fieldset>\n<div id=\"responsive-form\" class=\"clearfix\">\n\t<div class=\"form-row\">\n\t\t<div class=\"column-half\">\n\t\t\t<h3>\n\t\t\t\t<font color=\"#000000\">Ihr Name (Pflichtfeld)\n\t\t\t\t<\/font>\n\t\t\t<\/h3>\n\t\t\t<p><span class=\"wpcf7-form-control-wrap\" data-name=\"vorname\"><input size=\"40\" maxlength=\"400\" class=\"wpcf7-form-control wpcf7-text wpcf7-validates-as-required\" aria-required=\"true\" aria-invalid=\"false\" value=\"\" type=\"text\" name=\"vorname\" \/><\/span>\n\t\t\t<\/p>\n\t\t<\/div>\n\t\t<div class=\"column-half\">\n\t\t\t<h3>\n\t\t\t\t<font color=\"#000000\">Ihre E-mail (Pflichtfeld)\n\t\t\t\t<\/font>\n\t\t\t<\/h3>\n\t\t\t<p><span class=\"wpcf7-form-control-wrap\" data-name=\"email\"><input size=\"40\" maxlength=\"400\" class=\"wpcf7-form-control wpcf7-email wpcf7-validates-as-required wpcf7-text wpcf7-validates-as-email\" aria-required=\"true\" aria-invalid=\"false\" value=\"\" type=\"email\" name=\"email\" \/><\/span>\n\t\t\t<\/p>\n\t\t<\/div>\n\t<\/div>\n\t<div class=\"form-row\">\n\t\t<div class=\"column-full\">\n\t\t\t<h3>\n\t\t\t\t<font color=\"#000000\">Ihr Anliegen:\n\t\t\t\t<\/font>\n\t\t\t<\/h3>\n\t\t\t<p><span class=\"wpcf7-form-control-wrap\" data-name=\"your-message\"><textarea cols=\"40\" rows=\"10\" maxlength=\"2000\" class=\"wpcf7-form-control wpcf7-textarea\" aria-invalid=\"false\" name=\"your-message\"><\/textarea><\/span>\n\t\t\t<\/p>\n\t\t<\/div>\n\t<\/div>\n\t<div class=\"form-row\">\n\t\t<div class=\"column-full\">\n\t\t\t<font color=\"#000000\"> Bitte vor Versand die Box anklicken (Pflichtfeld):\n\t\t\t\t<p><span class=\"wpcf7-form-control-wrap\" data-name=\"acceptance-827\"><span class=\"wpcf7-form-control wpcf7-acceptance\"><span class=\"wpcf7-list-item\"><input type=\"checkbox\" name=\"acceptance-827\" value=\"1\" aria-invalid=\"false\" \/><\/span><\/span><\/span> Datenschutz ist mir wichtig. Ihre Daten werden nur zur Kontaktaufnahme verwendet und nicht weitergegeben. N\u00e4heres zum Datenschutz finden Sie <a href=\"https:\/\/lebensschau.com\/datenschutz\/\">hier<\/a>.\n\t\t\t\t<\/p>\n\t\t\t<\/font>\n\t\t<\/div>\n\t<\/div>\n\t<div class=\"form-row\">\n\t\t<div class=\"column-full\">\n\t\t\t<p><input class=\"wpcf7-form-control wpcf7-submit has-spinner\" type=\"submit\" value=\"Senden\" \/>\n\t\t\t<\/p>\n\t\t<\/div>\n\t<\/div>\n<\/div><!--end responsive-form--><div class=\"wpcf7-response-output\" aria-hidden=\"true\"><\/div>\n<\/form>\n<\/div>\n\n<\/div>\n\t\t<\/div><\/div><\/div><\/div><\/div>","protected":false},"excerpt":{"rendered":"<p>Coaching f\u00fcr deutsche Expats im Ausland Coaching in deutscher Sprache auch wenn Sie im Ausland leben<\/p>\n","protected":false},"author":2,"featured_media":0,"parent":0,"menu_order":0,"comment_status":"closed","ping_status":"closed","template":"","meta":{"footnotes":""},"class_list":["post-3411","page","type-page","status-publish","hentry"],"_links":{"self":[{"href":"https:\/\/lebensschau.com\/de\/wp-json\/wp\/v2\/pages\/3411","targetHints":{"allow":["GET"]}}],"collection":[{"href":"https:\/\/lebensschau.com\/de\/wp-json\/wp\/v2\/pages"}],"about":[{"href":"https:\/\/lebensschau.com\/de\/wp-json\/wp\/v2\/types\/page"}],"author":[{"embeddable":true,"href":"https:\/\/lebensschau.com\/de\/wp-json\/wp\/v2\/users\/2"}],"replies":[{"embeddable":true,"href":"https:\/\/lebensschau.com\/de\/wp-json\/wp\/v2\/comments?post=3411"}],"version-history":[{"count":50,"href":"https:\/\/lebensschau.com\/de\/wp-json\/wp\/v2\/pages\/3411\/revisions"}],"predecessor-version":[{"id":4630,"href":"https:\/\/lebensschau.com\/de\/wp-json\/wp\/v2\/pages\/3411\/revisions\/4630"}],"wp:attachment":[{"href":"https:\/\/lebensschau.com\/de\/wp-json\/wp\/v2\/media?parent=3411"}],"curies":[{"name":"wp","href":"https:\/\/api.w.org\/{rel}","templated":true}]}}