{"id":324,"date":"2020-08-01T20:06:47","date_gmt":"2020-08-01T18:06:47","guid":{"rendered":"http:\/\/betriebsschau.com\/?page_id=324"},"modified":"2024-03-15T13:06:40","modified_gmt":"2024-03-15T12:06:40","slug":"mutter-kind-beziehung-endlich-ich-und-trotzdem-gute-mutter","status":"publish","type":"page","link":"https:\/\/lebensschau.com\/de\/mutter-kind-beziehung-endlich-ich-und-trotzdem-gute-mutter\/","title":{"rendered":"Die Mutter-Kind-Beziehung: Endlich ICH und trotzdem gute Mutter"},"content":{"rendered":"<div id=\"pl-324\"  class=\"panel-layout\" ><div id=\"pg-324-0\"  class=\"panel-grid panel-no-style\" ><div id=\"pgc-324-0-0\"  class=\"panel-grid-cell\" ><div id=\"panel-324-0-0-0\" class=\"so-panel widget panel-first-child\" data-index=\"0\" ><\/div><div id=\"panel-324-0-0-1\" class=\"so-panel widget widget_text panel-last-child\" data-index=\"1\" >\t\t\t<div class=\"textwidget\"><p><center><\/p>\n<h1><strong><span style=\"color: #56ab6b;\">Die Mutter-Kind-Beziehung:<br \/>\nEndlich ICH und trotzdem gute Mutter<\/span><br \/>\n<\/strong><\/h1>\n<p><\/center><\/p>\n<\/div>\n\t\t<\/div><\/div><\/div><div id=\"pg-324-1\"  class=\"panel-grid panel-no-style\" ><div id=\"pgc-324-1-0\"  class=\"panel-grid-cell\" ><div id=\"panel-324-1-0-0\" class=\"so-panel widget widget_text panel-first-child panel-last-child\" data-index=\"2\" >\t\t\t<div class=\"textwidget\"><p><center><img decoding=\"async\" src=\"https:\/\/lebensschau.com\/wp-content\/uploads\/2020\/08\/mom-1372456_1280.jpg\" width=\"750\" \/><\/center><\/p>\n<\/div>\n\t\t<\/div><\/div><\/div><div id=\"pg-324-2\"  class=\"panel-grid panel-no-style\" ><div id=\"pgc-324-2-0\"  class=\"panel-grid-cell\" ><div id=\"panel-324-2-0-0\" class=\"so-panel widget panel-first-child\" data-index=\"3\" ><\/div><div id=\"panel-324-2-0-1\" class=\"so-panel widget widget_text\" data-index=\"4\" >\t\t\t<div class=\"textwidget\"><h2>Was kann ich f\u00fcr Sie als Expertin f\u00fcr gelungene Mutter-Kind-Beziehungen tun?<\/h2>\n<\/div>\n\t\t<\/div><div id=\"panel-324-2-0-2\" class=\"so-panel widget widget_sow-accordion\" data-index=\"5\" ><div\n\t\t\t\n\t\t\tclass=\"so-widget-sow-accordion so-widget-sow-accordion-default-99be652ed941-324\"\n\t\t\t\n\t\t><div>\n\t<div class=\"sow-accordion\">\n\t\t\t<div class=\"sow-accordion-panel\n\t\t\t\t\"\n\t\t\tdata-anchor-id=\"wie-gestalte-ich-die-beziehung-zu-meinen-kindern-positiv\">\n\t\t\t\t<div class=\"sow-accordion-panel-header-container\" role=\"heading\" aria-level=\"2\">\n\t\t\t\t\t<div class=\"sow-accordion-panel-header\" tabindex=\"0\" role=\"button\" id=\"accordion-label-wie-gestalte-ich-die-beziehung-zu-meinen-kindern-positiv\" aria-controls=\"accordion-content-wie-gestalte-ich-die-beziehung-zu-meinen-kindern-positiv\" aria-expanded=\"false\">\n\t\t\t\t\t\t<div class=\"sow-accordion-title sow-accordion-title-icon-left\">\n\t\t\t\t\t\t\t\t\t\t\t\t\t\tWie gestalte ich die Beziehung zu meinen Kindern positiv?\t\t\t\t\t\t\t\t\t\t\t\t\t<\/div>\n\t\t\t\t\t\t<div class=\"sow-accordion-open-close-button\">\n\t\t\t\t\t\t\t<div class=\"sow-accordion-open-button\">\n\t\t\t\t\t\t\t\t<span class=\"sow-icon-ionicons\" data-sow-icon=\"&#xf218;\"\n\t\t \n\t\taria-hidden=\"true\"><\/span>\t\t\t\t\t\t\t<\/div>\n\t\t\t\t\t\t\t<div class=\"sow-accordion-close-button\">\n\t\t\t\t\t\t\t\t<span class=\"sow-icon-ionicons\" data-sow-icon=\"&#xf209;\"\n\t\t \n\t\taria-hidden=\"true\"><\/span>\t\t\t\t\t\t\t<\/div>\n\t\t\t\t\t\t<\/div>\n\t\t\t\t\t<\/div>\n\t\t\t\t<\/div>\n\n\t\t\t<div\n\t\t\t\tclass=\"sow-accordion-panel-content\"\n\t\t\t\trole=\"region\"\n\t\t\t\taria-labelledby=\"accordion-label-wie-gestalte-ich-die-beziehung-zu-meinen-kindern-positiv\"\n\t\t\t\tid=\"accordion-content-wie-gestalte-ich-die-beziehung-zu-meinen-kindern-positiv\"\n\t\t\t\tstyle=\"display: none;\"\t\t\t>\n\t\t\t\t<div class=\"sow-accordion-panel-border\">\n\t\t\t\t\t<p><b>Einige Aussagen von Klienten - kennen Sie das auch?<\/b><br \/>\nWie geht gute Erziehung - Ich m\u00f6chte es richtig machen und bin mir unsicher; ich habe Angst bei der Erziehung Fehler mit bleibenden Folgen zu machen; die Beziehung zu meinen Kindern ist gerade schwierig und ich bin mit meinem Latein am Ende.<\/p>\n<p>Die Mutter-Kind-Beziehung z\u00e4hlt zu den wichtigsten Beziehungen im Leben eine jeden Menschen und ist pr\u00e4gend f\u00fcr die Entwicklung eines Kindes. Da ist es<br \/>\nverst\u00e4ndlich, dass M\u00fctter Angst haben etwas falsch zu machen. Und sich gro\u00dfe Sorgen machen, wenn die Beziehung zu ihren Kindern Probleme bereitet. Vertrauen Sie darauf, dass Sie bereits ganz viel richtig gemacht haben. Als erfahrene Familienberaterin und Mutter zweier erwachsener Kinder kenne ich die Themen die M\u00fctter bewegen und bin gerne f\u00fcr Sie und Ihre Fragen da.<\/p>\n<p><b>Entdecken Sie mit mir gute Wege, um<\/b><br \/>\nIhre Sorgen und \u00c4ngste zu \u00fcberwinden; herauszufinden was die Beziehung zu Ihren Kindern belastet; damit anders umgehen k\u00f6nnen.<\/p>\n<p><a href=\"#Kontakt\"><span style=\"color: #000000;\">Alles beginnt mit einem Gespr\u00e4ch.<br \/>\nSie erreichen mich <u>hier<\/u><\/span><\/a><\/p>\n\t\t\t\t<\/div>\n\t\t\t<\/div>\n\t\t<\/div>\n\t\t\t<div class=\"sow-accordion-panel\n\t\t\t\t\"\n\t\t\tdata-anchor-id=\"mein-partner-versteht-mich-nicht\">\n\t\t\t\t<div class=\"sow-accordion-panel-header-container\" role=\"heading\" aria-level=\"2\">\n\t\t\t\t\t<div class=\"sow-accordion-panel-header\" tabindex=\"0\" role=\"button\" id=\"accordion-label-mein-partner-versteht-mich-nicht\" aria-controls=\"accordion-content-mein-partner-versteht-mich-nicht\" aria-expanded=\"false\">\n\t\t\t\t\t\t<div class=\"sow-accordion-title sow-accordion-title-icon-left\">\n\t\t\t\t\t\t\t\t\t\t\t\t\t\tMein Partner versteht mich nicht\t\t\t\t\t\t\t\t\t\t\t\t\t<\/div>\n\t\t\t\t\t\t<div class=\"sow-accordion-open-close-button\">\n\t\t\t\t\t\t\t<div class=\"sow-accordion-open-button\">\n\t\t\t\t\t\t\t\t<span class=\"sow-icon-ionicons\" data-sow-icon=\"&#xf218;\"\n\t\t \n\t\taria-hidden=\"true\"><\/span>\t\t\t\t\t\t\t<\/div>\n\t\t\t\t\t\t\t<div class=\"sow-accordion-close-button\">\n\t\t\t\t\t\t\t\t<span class=\"sow-icon-ionicons\" data-sow-icon=\"&#xf209;\"\n\t\t \n\t\taria-hidden=\"true\"><\/span>\t\t\t\t\t\t\t<\/div>\n\t\t\t\t\t\t<\/div>\n\t\t\t\t\t<\/div>\n\t\t\t\t<\/div>\n\n\t\t\t<div\n\t\t\t\tclass=\"sow-accordion-panel-content\"\n\t\t\t\trole=\"region\"\n\t\t\t\taria-labelledby=\"accordion-label-mein-partner-versteht-mich-nicht\"\n\t\t\t\tid=\"accordion-content-mein-partner-versteht-mich-nicht\"\n\t\t\t\tstyle=\"display: none;\"\t\t\t>\n\t\t\t\t<div class=\"sow-accordion-panel-border\">\n\t\t\t\t\t<p><b>Einige Aussagen von Klienten - kennen Sie das auch?<\/b><br \/>\nIch habe das Gef\u00fchl ich dringe nicht mehr zu meinem Partner durch; wenn ich wichtige Dinge kl\u00e4ren will, l\u00e4uft er davon oder blockt ab; manchmal glaube ich er stellt sich taub; ich f\u00fchle mich alleingelassen.<\/p>\n<p>Wir lernen viel in der Schule, aber leider geh\u00f6rt die Kommunikation mit unseren Liebsten in stressigen Situationen nicht dazu. Gemeinsam schauen wir uns Ihre aktuelle Situation an, identifizieren schwierige Momente und entwickeln Strategien, die Ihnen wieder eine konstruktive Kommunikation mit Ihrem Partner erm\u00f6glichen.<\/p>\n<p><b>Entdecken Sie mit mir gute Wege, um<\/b><br \/>\nwieder in eine gute Kommunikation mit Ihrem Partner zu kommen; alte Muster zu entdecken und zu \u00fcberwinden; eine neue positive Beziehung zu Ihrem Partner zu entwickeln.<\/p>\n<p><a href=\"#Kontakt\"><span style=\"color: #000000;\">Alles beginnt mit einem Gespr\u00e4ch.<br \/>\nSie erreichen mich <u>hier<\/u><\/span><\/a><\/p>\n\t\t\t\t<\/div>\n\t\t\t<\/div>\n\t\t<\/div>\n\t\t\t<div class=\"sow-accordion-panel\n\t\t\t\t\"\n\t\t\tdata-anchor-id=\"ich-komme-zu-kurz\">\n\t\t\t\t<div class=\"sow-accordion-panel-header-container\" role=\"heading\" aria-level=\"2\">\n\t\t\t\t\t<div class=\"sow-accordion-panel-header\" tabindex=\"0\" role=\"button\" id=\"accordion-label-ich-komme-zu-kurz\" aria-controls=\"accordion-content-ich-komme-zu-kurz\" aria-expanded=\"false\">\n\t\t\t\t\t\t<div class=\"sow-accordion-title sow-accordion-title-icon-left\">\n\t\t\t\t\t\t\t\t\t\t\t\t\t\tIch komme zu kurz\t\t\t\t\t\t\t\t\t\t\t\t\t<\/div>\n\t\t\t\t\t\t<div class=\"sow-accordion-open-close-button\">\n\t\t\t\t\t\t\t<div class=\"sow-accordion-open-button\">\n\t\t\t\t\t\t\t\t<span class=\"sow-icon-ionicons\" data-sow-icon=\"&#xf218;\"\n\t\t \n\t\taria-hidden=\"true\"><\/span>\t\t\t\t\t\t\t<\/div>\n\t\t\t\t\t\t\t<div class=\"sow-accordion-close-button\">\n\t\t\t\t\t\t\t\t<span class=\"sow-icon-ionicons\" data-sow-icon=\"&#xf209;\"\n\t\t \n\t\taria-hidden=\"true\"><\/span>\t\t\t\t\t\t\t<\/div>\n\t\t\t\t\t\t<\/div>\n\t\t\t\t\t<\/div>\n\t\t\t\t<\/div>\n\n\t\t\t<div\n\t\t\t\tclass=\"sow-accordion-panel-content\"\n\t\t\t\trole=\"region\"\n\t\t\t\taria-labelledby=\"accordion-label-ich-komme-zu-kurz\"\n\t\t\t\tid=\"accordion-content-ich-komme-zu-kurz\"\n\t\t\t\tstyle=\"display: none;\"\t\t\t>\n\t\t\t\t<div class=\"sow-accordion-panel-border\">\n\t\t\t\t\t<p><b>Einige Aussagen von Klienten - kennen Sie das auch?<\/b><br \/>\nDer Familienalltag ist sehr anstrengend und ich bin ersch\u00f6pft; ich habe das Gef\u00fchl das Leben zieht an mir vorbei und mir bleibt keine Zeit f\u00fcr mich; ich habe schon l\u00e4nger Pl\u00e4ne, die mir f\u00fcr mein Leben wichtig sind, aber irgendwie kommt immer wieder etwas dazwischen.<\/p>\n<p>Lassen Sie uns zusammen Ihr Leben ansehen und Freir\u00e4ume finden, die Ihnen wieder Kraft und Energie geben. Gegebenenfalls schauen wir uns auch die Themen an, die Ihnen dabei im Weg stehen und finden neue L\u00f6sungen.<\/p>\n<p><b>Entdecken Sie mit mir gute Wege, um<\/b><br \/>\nmehr Zeit und Energie zu gewinnen; ernst genommen zu werden; sich in der eigenen Familie Geh\u00f6r zu verschaffen.<\/p>\n<p><a href=\"#Kontakt\"><span style=\"color: #000000;\">Alles beginnt mit einem Gespr\u00e4ch.<br \/>\nSie erreichen mich <u>hier<\/u><\/span><\/a><\/p>\n\t\t\t\t<\/div>\n\t\t\t<\/div>\n\t\t<\/div>\n\t\t\t<div class=\"sow-accordion-panel\n\t\t\t\t\"\n\t\t\tdata-anchor-id=\"ich-moechte-besser-mit-meiner-wut-umgehen\">\n\t\t\t\t<div class=\"sow-accordion-panel-header-container\" role=\"heading\" aria-level=\"2\">\n\t\t\t\t\t<div class=\"sow-accordion-panel-header\" tabindex=\"0\" role=\"button\" id=\"accordion-label-ich-m%c3%b6chte-besser-mit-meiner-wut-umgehen\" aria-controls=\"accordion-content-ich-m%c3%b6chte-besser-mit-meiner-wut-umgehen\" aria-expanded=\"false\">\n\t\t\t\t\t\t<div class=\"sow-accordion-title sow-accordion-title-icon-left\">\n\t\t\t\t\t\t\t\t\t\t\t\t\t\tIch m\u00f6chte besser mit meiner Wut umgehen\t\t\t\t\t\t\t\t\t\t\t\t\t<\/div>\n\t\t\t\t\t\t<div class=\"sow-accordion-open-close-button\">\n\t\t\t\t\t\t\t<div class=\"sow-accordion-open-button\">\n\t\t\t\t\t\t\t\t<span class=\"sow-icon-ionicons\" data-sow-icon=\"&#xf218;\"\n\t\t \n\t\taria-hidden=\"true\"><\/span>\t\t\t\t\t\t\t<\/div>\n\t\t\t\t\t\t\t<div class=\"sow-accordion-close-button\">\n\t\t\t\t\t\t\t\t<span class=\"sow-icon-ionicons\" data-sow-icon=\"&#xf209;\"\n\t\t \n\t\taria-hidden=\"true\"><\/span>\t\t\t\t\t\t\t<\/div>\n\t\t\t\t\t\t<\/div>\n\t\t\t\t\t<\/div>\n\t\t\t\t<\/div>\n\n\t\t\t<div\n\t\t\t\tclass=\"sow-accordion-panel-content\"\n\t\t\t\trole=\"region\"\n\t\t\t\taria-labelledby=\"accordion-label-ich-m%c3%b6chte-besser-mit-meiner-wut-umgehen\"\n\t\t\t\tid=\"accordion-content-ich-m%c3%b6chte-besser-mit-meiner-wut-umgehen\"\n\t\t\t\tstyle=\"display: none;\"\t\t\t>\n\t\t\t\t<div class=\"sow-accordion-panel-border\">\n\t\t\t\t\t<p><b>Einige Aussagen von Klienten - kennen Sie das auch?<\/b><br \/>\nIch erkenne mich manchmal selbst nicht wieder, weil ich \u00f6fters die Kontrolle verliere; ich f\u00fchle mich deswegen schuldig und \u00e4rgere mich \u00fcber mich selbst; ich f\u00fchle mich meiner Wut manchmal hilflos ausgeliefert und m\u00f6chte sie endlich in den Griff bekommen.<\/p>\n<p>Gerne helfe ich Ihnen beim Thema Wut. Wir sehen uns Ihre individuellen Wutausl\u00f6ser an und finden neue L\u00f6sungen die Ihnen dabei helfen Ihre Gef\u00fchle der Ohnmacht zu \u00fcberwinden. Gleichzeitig schauen wir uns gegebenenfalls Ihre Schuldgef\u00fchle an und bauen diese ab.<\/p>\n<p><b>Entdecken Sie mit mir gute Wege, um<\/b><br \/>\nanders mit Ihrer Wut umzugehen; zu verhindern dass Sie irgendwann auch k\u00f6rperlich leiden; Situationen die Ihnen nicht gut tun ein Ende zu bereiten.<br \/>\n<a href=\"#Kontakt\"><span style=\"color: #000000;\">Alles beginnt mit einem Gespr\u00e4ch.<br \/>\nSie erreichen mich <u>hier<\/u><\/span><\/a><\/p>\n\t\t\t\t<\/div>\n\t\t\t<\/div>\n\t\t<\/div>\n\t\t\t<div class=\"sow-accordion-panel\n\t\t\t\t\"\n\t\t\tdata-anchor-id=\"wie-gewinne-ich-klarheit-darueber-was-ich-eigentlich-will\">\n\t\t\t\t<div class=\"sow-accordion-panel-header-container\" role=\"heading\" aria-level=\"2\">\n\t\t\t\t\t<div class=\"sow-accordion-panel-header\" tabindex=\"0\" role=\"button\" id=\"accordion-label-wie-gewinne-ich-klarheit-dar%c3%bcber-was-ich-eigentlich-will\" aria-controls=\"accordion-content-wie-gewinne-ich-klarheit-dar%c3%bcber-was-ich-eigentlich-will\" aria-expanded=\"false\">\n\t\t\t\t\t\t<div class=\"sow-accordion-title sow-accordion-title-icon-left\">\n\t\t\t\t\t\t\t\t\t\t\t\t\t\tWie gewinne ich Klarheit dar\u00fcber was ich eigentlich will?\t\t\t\t\t\t\t\t\t\t\t\t\t<\/div>\n\t\t\t\t\t\t<div class=\"sow-accordion-open-close-button\">\n\t\t\t\t\t\t\t<div class=\"sow-accordion-open-button\">\n\t\t\t\t\t\t\t\t<span class=\"sow-icon-ionicons\" data-sow-icon=\"&#xf218;\"\n\t\t \n\t\taria-hidden=\"true\"><\/span>\t\t\t\t\t\t\t<\/div>\n\t\t\t\t\t\t\t<div class=\"sow-accordion-close-button\">\n\t\t\t\t\t\t\t\t<span class=\"sow-icon-ionicons\" data-sow-icon=\"&#xf209;\"\n\t\t \n\t\taria-hidden=\"true\"><\/span>\t\t\t\t\t\t\t<\/div>\n\t\t\t\t\t\t<\/div>\n\t\t\t\t\t<\/div>\n\t\t\t\t<\/div>\n\n\t\t\t<div\n\t\t\t\tclass=\"sow-accordion-panel-content\"\n\t\t\t\trole=\"region\"\n\t\t\t\taria-labelledby=\"accordion-label-wie-gewinne-ich-klarheit-dar%c3%bcber-was-ich-eigentlich-will\"\n\t\t\t\tid=\"accordion-content-wie-gewinne-ich-klarheit-dar%c3%bcber-was-ich-eigentlich-will\"\n\t\t\t\tstyle=\"display: none;\"\t\t\t>\n\t\t\t\t<div class=\"sow-accordion-panel-border\">\n\t\t\t\t\t<p><b>Einige Aussagen von Klienten - kennen Sie das auch?<\/b><br \/>\nIch liebe es Mutter zu sein, aber ich merke auch, dass mir in meinem Leben etwas fehlt; ich m\u00f6chte mehr, habe aber ein schlechtes Gewissen; ich m\u00f6chte endlich wieder als eigenst\u00e4ndiger Mensch mit eigenen Bed\u00fcrfnissen gesehen werden.<\/p>\n<p>Freud und Leid der Mutterrolle f\u00fchren manchmal zu einem inneren Kampf der viel Energie kostet. Gerne unterst\u00fctze ich Sie dabei diesen zu beenden und wieder das Gef\u00fchl zu gewinnen nicht mehr nur Mutter zu sein.<\/p>\n<p><b>Entdecken Sie mit mir gute Wege, um<\/b><br \/>\nsich in Ruhe den Konflikt zwischen Ihrer Mutterrolle und Ihrem Ich anzuschauen; Ihre Gewissensbisse und Ihren Frust in den Griff zu kriegen; wichtige Entscheidungen f\u00fcr Ihre Zukunft zu treffen.<\/p>\n<p><a href=\"#Kontakt\"><span style=\"color: #000000;\">Alles beginnt mit einem Gespr\u00e4ch.<br \/>\nSie erreichen mich <u>hier<\/u><\/span><\/a><\/p>\n\t\t\t\t<\/div>\n\t\t\t<\/div>\n\t\t<\/div>\n\t\t<\/div>\n<\/div>\n<\/div><\/div><div id=\"panel-324-2-0-3\" class=\"so-panel widget widget_text panel-last-child\" data-index=\"6\" >\t\t\t<div class=\"textwidget\"><h4><strong>Ihr Thema ist nicht dabei?<\/strong>\u00a0Dann lade ich Sie herzlich ein mir eine <a href=\"renate.broeckel@lebensschau.com\"><u>E-mail zu schreiben<\/u><\/a> und eine kostenfreie R\u00fcckmeldung zu Ihrem Thema zu erhalten.<\/h4>\n<\/div>\n\t\t<\/div><\/div><\/div><div id=\"pg-324-3\"  class=\"panel-grid panel-has-style\" ><div class=\"panel-row-style panel-row-style-for-324-3\" ><div id=\"pgc-324-3-0\"  class=\"panel-grid-cell\" ><div id=\"panel-324-3-0-0\" class=\"so-panel widget widget_text panel-first-child panel-last-child\" data-index=\"7\" >\t\t\t<div class=\"textwidget\"><h2><strong><span style=\"color: #31ac60;\">\u00dcber mich<\/span><\/strong><\/h2>\n<p>Als Mutter zweier erwachsener T\u00f6chter habe ich immer wieder erlebt <strong>wie herausfordernd das Mutterleben heute sein kann<\/strong>. Dass es sich zum Beispiel empfiehlt in manchen St\u00e4dten schon vor der Geburt des Kindes f\u00fcr einen Kindergartenplatz anzumelden.<\/p>\n<p>Ich war an der <strong>Gr\u00fcndung von zwei Elterninitiativen<\/strong> beteiligt und habe hier viel \u00fcber das Familienleben gelernt \u2013 auch von den engagierten Erzieherinnen, die ich kennenlernen und bei der Arbeit erleben durfte. Im Laufe meiner <strong>Arbeit als Coach<\/strong> wurde mir zusehends klar, wie sehr die Herkunftsfamilie unser Leben unbewusst beeinflusst. Dort entstehen Vorstellungen \u00fcber die Welt mitsamt den dazugeh\u00f6rigen Glaubenss\u00e4tzen und Blockaden, die uns sp\u00e4ter behindern k\u00f6nnen. Daher war es mir wichtig noch eine <strong>Ausbildung als Familienberaterin bei familylab (Jesper Juul)<\/strong> zu machen.<\/p>\n<p>Weitere Informationen zu mir und meinen Ausbildungen finden Sie <a href=\"https:\/\/lebensschau.com\/ueber-mich\/\">hier<\/a>.<\/p>\n<\/div>\n\t\t<\/div><\/div><div id=\"pgc-324-3-1\"  class=\"panel-grid-cell\" ><div id=\"panel-324-3-1-0\" class=\"so-panel widget widget_text panel-first-child panel-last-child\" data-index=\"8\" >\t\t\t<div class=\"textwidget\"><div class=\"wp-block-spacer\" style=\"height: 60px;\" aria-hidden=\"true\"><\/div>\n<p><img loading=\"lazy\" decoding=\"async\" class=\"aligncenter size-full wp-image-4591\" src=\"https:\/\/lebensschau.com\/wp-content\/uploads\/2022\/05\/renate_2022_hochformat.jpg\" alt=\"\" width=\"500\" height=\"751\" srcset=\"https:\/\/lebensschau.com\/wp-content\/uploads\/2022\/05\/renate_2022_hochformat.jpg 500w, https:\/\/lebensschau.com\/wp-content\/uploads\/2022\/05\/renate_2022_hochformat-200x300.jpg 200w\" sizes=\"auto, (max-width: 500px) 100vw, 500px\" \/><\/p>\n<p><img loading=\"lazy\" decoding=\"async\" class=\"aligncenter size-full wp-image-2409\" src=\"https:\/\/lebensschau.com\/wp-content\/uploads\/2020\/09\/renate_transparent.png\" alt=\"\" width=\"226\" height=\"58\" \/><\/p>\n<p>&nbsp;<\/p>\n<\/div>\n\t\t<\/div><\/div><\/div><\/div><div id=\"pg-324-4\"  class=\"panel-grid panel-no-style\" ><div id=\"pgc-324-4-0\"  class=\"panel-grid-cell\" ><div id=\"panel-324-4-0-0\" class=\"so-panel widget panel-first-child panel-last-child\" data-index=\"9\" ><\/div><\/div><\/div><div id=\"pg-324-5\"  class=\"panel-grid panel-has-style\" ><div class=\"panel-row-style panel-row-style-for-324-5\" ><div id=\"pgc-324-5-0\"  class=\"panel-grid-cell\" ><div id=\"panel-324-5-0-0\" class=\"so-panel widget widget_text panel-first-child panel-last-child\" data-index=\"10\" >\t\t\t<div class=\"textwidget\"><h2><span style=\"color: #31ac60;\">Screenshots von 2 meiner Bewertungen:<\/span><\/h2>\n<p>Weitere finden Sie\u00a0<a href=\"https:\/\/www.google.de\/search?client=safari&amp;sxsrf=ALeKk01MTQJPm986UF-om7WHjluHepL2Ew%3A1596302172568&amp;source=hp&amp;ei=XKMlX97hH-yfjLsPiPOgyA8&amp;q=Renate+Br%C3%B6ckel+Lebensschau&amp;oq=Renate+Br%C3%B6ckel+Lebensschau\" target=\"_blank\" rel=\"noopener\">hier<\/a>.<\/p>\n<p align=\"justify\"><img loading=\"lazy\" decoding=\"async\" class=\"alignnone size-full wp-image-761\" src=\"https:\/\/lebensschau.com\/wp-content\/uploads\/2020\/08\/Bildschirmfoto-2020-08-24-um-11.05.00.png\" alt=\"\" width=\"1318\" height=\"558\" srcset=\"https:\/\/lebensschau.com\/wp-content\/uploads\/2020\/08\/Bildschirmfoto-2020-08-24-um-11.05.00.png 1318w, https:\/\/lebensschau.com\/wp-content\/uploads\/2020\/08\/Bildschirmfoto-2020-08-24-um-11.05.00-300x127.png 300w, https:\/\/lebensschau.com\/wp-content\/uploads\/2020\/08\/Bildschirmfoto-2020-08-24-um-11.05.00-1024x434.png 1024w, https:\/\/lebensschau.com\/wp-content\/uploads\/2020\/08\/Bildschirmfoto-2020-08-24-um-11.05.00-768x325.png 768w\" sizes=\"auto, (max-width: 1318px) 100vw, 1318px\" \/><\/p>\n<p align=\"justify\"><img loading=\"lazy\" decoding=\"async\" class=\"aligncenter size-full wp-image-4903\" src=\"https:\/\/lebensschau.com\/wp-content\/uploads\/2024\/03\/bewertung_peggy.png\" alt=\"\" width=\"2326\" height=\"354\" srcset=\"https:\/\/lebensschau.com\/wp-content\/uploads\/2024\/03\/bewertung_peggy.png 2326w, https:\/\/lebensschau.com\/wp-content\/uploads\/2024\/03\/bewertung_peggy-300x46.png 300w, https:\/\/lebensschau.com\/wp-content\/uploads\/2024\/03\/bewertung_peggy-1024x156.png 1024w, https:\/\/lebensschau.com\/wp-content\/uploads\/2024\/03\/bewertung_peggy-768x117.png 768w, https:\/\/lebensschau.com\/wp-content\/uploads\/2024\/03\/bewertung_peggy-1536x234.png 1536w, https:\/\/lebensschau.com\/wp-content\/uploads\/2024\/03\/bewertung_peggy-2048x312.png 2048w\" sizes=\"auto, (max-width: 2326px) 100vw, 2326px\" \/><\/p>\n<\/div>\n\t\t<\/div><\/div><\/div><\/div><div id=\"pg-324-6\"  class=\"panel-grid panel-has-style\" ><div id=\"Kontakt\" class=\"panel-row-style panel-row-style-for-324-6\" ><div id=\"pgc-324-6-0\"  class=\"panel-grid-cell\" ><div id=\"panel-324-6-0-0\" class=\"so-panel widget panel-first-child\" data-index=\"11\" ><\/div><div id=\"panel-324-6-0-1\" class=\"so-panel widget widget_text panel-last-child\" data-index=\"12\" >\t\t\t<div class=\"textwidget\"><div class=\"wp-block-spacer\" style=\"height: 30px;\" aria-hidden=\"true\"><\/div>\n<h2><span style=\"color: #31ac60;\">Alles beginnt mit einem Gespr\u00e4ch. Bringen Sie Ihr Leben und Ihre Mutterrolle in eine neue Balance. Das Vorgespr\u00e4ch ist gratis und auch danach gehen Sie keine vertragliche Bindung ein und k\u00f6nnen die Zahl der Termine frei bestimmen.\u00a0<\/span><span style=\"color: #31ac60;\">Nehmen Sie noch heute Kontakt auf:<\/span><\/h2>\n<\/div>\n\t\t<\/div><\/div><div id=\"pgc-324-6-1\"  class=\"panel-grid-cell\" ><div id=\"panel-324-6-1-0\" class=\"so-panel widget panel-first-child\" data-index=\"13\" ><\/div><div id=\"panel-324-6-1-1\" class=\"so-panel widget widget_text panel-last-child\" data-index=\"14\" >\t\t\t<div class=\"textwidget\"><p><img loading=\"lazy\" decoding=\"async\" class=\"aligncenter size-full wp-image-4601\" src=\"https:\/\/lebensschau.com\/wp-content\/uploads\/2022\/05\/renate_2022_4.png\" alt=\"\" width=\"400\" height=\"421\" srcset=\"https:\/\/lebensschau.com\/wp-content\/uploads\/2022\/05\/renate_2022_4.png 400w, https:\/\/lebensschau.com\/wp-content\/uploads\/2022\/05\/renate_2022_4-285x300.png 285w\" sizes=\"auto, (max-width: 400px) 100vw, 400px\" \/><\/p>\n<p><img loading=\"lazy\" decoding=\"async\" class=\"aligncenter size-full wp-image-1755\" src=\"https:\/\/lebensschau.com\/wp-content\/uploads\/2020\/09\/renate_mistral_blau.jpg\" alt=\"\" width=\"227\" height=\"58\" \/><\/p>\n<\/div>\n\t\t<\/div><\/div><\/div><\/div><div id=\"pg-324-7\"  class=\"panel-grid panel-has-style\" ><div class=\"siteorigin-panels-stretch panel-row-style panel-row-style-for-324-7\" data-stretch-type=\"full\" ><div id=\"pgc-324-7-0\"  class=\"panel-grid-cell\" ><div id=\"panel-324-7-0-0\" class=\"so-panel widget widget_text panel-first-child panel-last-child\" data-index=\"15\" >\t\t\t<div class=\"textwidget\">\n<div class=\"wpcf7 no-js\" id=\"wpcf7-f5-o1\" lang=\"de-DE\" dir=\"ltr\" data-wpcf7-id=\"5\">\n<div class=\"screen-reader-response\"><p role=\"status\" aria-live=\"polite\" aria-atomic=\"true\"><\/p> <ul><\/ul><\/div>\n<form action=\"\/de\/wp-json\/wp\/v2\/pages\/324#wpcf7-f5-o1\" method=\"post\" class=\"wpcf7-form init\" aria-label=\"Kontaktformular\" novalidate=\"novalidate\" data-status=\"init\">\n<fieldset class=\"hidden-fields-container\"><input type=\"hidden\" name=\"_wpcf7\" value=\"5\" \/><input type=\"hidden\" name=\"_wpcf7_version\" value=\"6.1.4\" \/><input type=\"hidden\" name=\"_wpcf7_locale\" value=\"de_DE\" \/><input type=\"hidden\" name=\"_wpcf7_unit_tag\" value=\"wpcf7-f5-o1\" \/><input type=\"hidden\" name=\"_wpcf7_container_post\" value=\"0\" \/><input type=\"hidden\" name=\"_wpcf7_posted_data_hash\" value=\"\" \/>\n<\/fieldset>\n<div id=\"responsive-form\" class=\"clearfix\">\n\t<div class=\"form-row\">\n\t\t<div class=\"column-half\">\n\t\t\t<h3>\n\t\t\t\t<font color=\"#000000\">Ihr Name (Pflichtfeld)\n\t\t\t\t<\/font>\n\t\t\t<\/h3>\n\t\t\t<p><span class=\"wpcf7-form-control-wrap\" data-name=\"vorname\"><input size=\"40\" maxlength=\"400\" class=\"wpcf7-form-control wpcf7-text wpcf7-validates-as-required\" aria-required=\"true\" aria-invalid=\"false\" value=\"\" type=\"text\" name=\"vorname\" \/><\/span>\n\t\t\t<\/p>\n\t\t<\/div>\n\t\t<div class=\"column-half\">\n\t\t\t<h3>\n\t\t\t\t<font color=\"#000000\">Ihre E-mail (Pflichtfeld)\n\t\t\t\t<\/font>\n\t\t\t<\/h3>\n\t\t\t<p><span class=\"wpcf7-form-control-wrap\" data-name=\"email\"><input size=\"40\" maxlength=\"400\" class=\"wpcf7-form-control wpcf7-email wpcf7-validates-as-required wpcf7-text wpcf7-validates-as-email\" aria-required=\"true\" aria-invalid=\"false\" value=\"\" type=\"email\" name=\"email\" \/><\/span>\n\t\t\t<\/p>\n\t\t<\/div>\n\t<\/div>\n\t<div class=\"form-row\">\n\t\t<div class=\"column-full\">\n\t\t\t<h3>\n\t\t\t\t<font color=\"#000000\">Ihr Anliegen:\n\t\t\t\t<\/font>\n\t\t\t<\/h3>\n\t\t\t<p><span class=\"wpcf7-form-control-wrap\" data-name=\"your-message\"><textarea cols=\"40\" rows=\"10\" maxlength=\"2000\" class=\"wpcf7-form-control wpcf7-textarea\" aria-invalid=\"false\" name=\"your-message\"><\/textarea><\/span>\n\t\t\t<\/p>\n\t\t<\/div>\n\t<\/div>\n\t<div class=\"form-row\">\n\t\t<div class=\"column-full\">\n\t\t\t<font color=\"#000000\"> Bitte vor Versand die Box anklicken (Pflichtfeld):\n\t\t\t\t<p><span class=\"wpcf7-form-control-wrap\" data-name=\"acceptance-827\"><span class=\"wpcf7-form-control wpcf7-acceptance\"><span class=\"wpcf7-list-item\"><input type=\"checkbox\" name=\"acceptance-827\" value=\"1\" aria-invalid=\"false\" \/><\/span><\/span><\/span> Datenschutz ist mir wichtig. Ihre Daten werden nur zur Kontaktaufnahme verwendet und nicht weitergegeben. N\u00e4heres zum Datenschutz finden Sie <a href=\"https:\/\/lebensschau.com\/datenschutz\/\">hier<\/a>.\n\t\t\t\t<\/p>\n\t\t\t<\/font>\n\t\t<\/div>\n\t<\/div>\n\t<div class=\"form-row\">\n\t\t<div class=\"column-full\">\n\t\t\t<p><input class=\"wpcf7-form-control wpcf7-submit has-spinner\" type=\"submit\" value=\"Senden\" \/>\n\t\t\t<\/p>\n\t\t<\/div>\n\t<\/div>\n<\/div><!--end responsive-form--><div class=\"wpcf7-response-output\" aria-hidden=\"true\"><\/div>\n<\/form>\n<\/div>\n\n<\/div>\n\t\t<\/div><\/div><\/div><\/div><\/div>","protected":false},"excerpt":{"rendered":"<p>Die Mutter-Kind-Beziehung: Endlich ICH und trotzdem gute Mutter<\/p>\n","protected":false},"author":1,"featured_media":0,"parent":0,"menu_order":0,"comment_status":"closed","ping_status":"closed","template":"","meta":{"footnotes":""},"class_list":["post-324","page","type-page","status-publish","hentry"],"_links":{"self":[{"href":"https:\/\/lebensschau.com\/de\/wp-json\/wp\/v2\/pages\/324","targetHints":{"allow":["GET"]}}],"collection":[{"href":"https:\/\/lebensschau.com\/de\/wp-json\/wp\/v2\/pages"}],"about":[{"href":"https:\/\/lebensschau.com\/de\/wp-json\/wp\/v2\/types\/page"}],"author":[{"embeddable":true,"href":"https:\/\/lebensschau.com\/de\/wp-json\/wp\/v2\/users\/1"}],"replies":[{"embeddable":true,"href":"https:\/\/lebensschau.com\/de\/wp-json\/wp\/v2\/comments?post=324"}],"version-history":[{"count":166,"href":"https:\/\/lebensschau.com\/de\/wp-json\/wp\/v2\/pages\/324\/revisions"}],"predecessor-version":[{"id":4906,"href":"https:\/\/lebensschau.com\/de\/wp-json\/wp\/v2\/pages\/324\/revisions\/4906"}],"wp:attachment":[{"href":"https:\/\/lebensschau.com\/de\/wp-json\/wp\/v2\/media?parent=324"}],"curies":[{"name":"wp","href":"https:\/\/api.w.org\/{rel}","templated":true}]}}