{"id":18,"date":"2020-07-29T06:56:24","date_gmt":"2020-07-29T04:56:24","guid":{"rendered":"http:\/\/betriebsschau.com\/?page_id=18"},"modified":"2022-05-31T16:22:22","modified_gmt":"2022-05-31T14:22:22","slug":"wo-wie","status":"publish","type":"page","link":"https:\/\/lebensschau.com\/de\/wo-wie\/","title":{"rendered":"Wie &#038; Wo"},"content":{"rendered":"<div id=\"pl-18\"  class=\"panel-layout\" ><div id=\"pg-18-0\"  class=\"panel-grid panel-no-style\" ><div id=\"pgc-18-0-0\"  class=\"panel-grid-cell\" ><div id=\"panel-18-0-0-0\" class=\"so-panel widget panel-first-child\" data-index=\"0\" ><\/div><div id=\"panel-18-0-0-1\" class=\"so-panel widget widget_text panel-last-child\" data-index=\"1\" >\t\t\t<div class=\"textwidget\"><p><center><\/p>\n<h1>Wie &amp; Wo &amp; FAQs<\/h1>\n<p><\/center><br \/>\n<img decoding=\"async\" class=\"aligncenter size-full wp-image-903\" src=\"https:\/\/lebensschau.com\/wp-content\/uploads\/2020\/08\/hands-600497_1920-1024x683-1.jpg\" alt=\"\" width=\"750\" srcset=\"https:\/\/lebensschau.com\/wp-content\/uploads\/2020\/08\/hands-600497_1920-1024x683-1.jpg 1024w, https:\/\/lebensschau.com\/wp-content\/uploads\/2020\/08\/hands-600497_1920-1024x683-1-300x200.jpg 300w, https:\/\/lebensschau.com\/wp-content\/uploads\/2020\/08\/hands-600497_1920-1024x683-1-768x512.jpg 768w\" sizes=\"(max-width: 1024px) 100vw, 1024px\" \/><\/p>\n<\/div>\n\t\t<\/div><\/div><\/div><div id=\"pg-18-1\"  class=\"panel-grid panel-no-style\" ><div id=\"pgc-18-1-0\"  class=\"panel-grid-cell\" ><div id=\"panel-18-1-0-0\" class=\"so-panel widget panel-first-child panel-last-child\" data-index=\"2\" ><\/div><\/div><\/div><div id=\"pg-18-2\"  class=\"panel-grid panel-has-style\" ><div class=\"siteorigin-panels-stretch panel-row-style panel-row-style-for-18-2\" data-stretch-type=\"full\" ><div id=\"pgc-18-2-0\"  class=\"panel-grid-cell\" ><div id=\"panel-18-2-0-0\" class=\"so-panel widget widget_text panel-first-child panel-last-child\" data-index=\"3\" >\t\t\t<div class=\"textwidget\"><h2><font color=\"#ffffff\">Zum Wie: Der Weg zu Ihrem Coaching<\/font><\/h2>\n<\/div>\n\t\t<\/div><\/div><\/div><\/div><div id=\"pg-18-3\"  class=\"panel-grid panel-no-style\" ><div id=\"pgc-18-3-0\"  class=\"panel-grid-cell\" ><div id=\"panel-18-3-0-0\" class=\"so-panel widget widget_text panel-first-child\" data-index=\"4\" >\t\t\t<div class=\"textwidget\"><p>1. Schicken Sie mir gerne eine <strong>E-mail<\/strong>\u00a0mit einer Beschreibung Ihres Themas und, falls Sie m\u00f6chten, auch ersten Fragen. Ich melde mich in aller Regel\u00a0<strong>binnen 24 Stunden.<\/strong><\/p>\n<p>2. In einem <strong>kostenfreien Vorgespr\u00e4ch<\/strong> von 15 &#8211; 30 Minuten sprechen wir \u00fcber Ihr Thema und Sie erhalten erste R\u00fcckmeldungen. Das Gespr\u00e4ch kann <strong>telefonisch oder auch Online stattfinden<\/strong> \u2013 ganz nach Ihrem Wunsch.<\/p>\n<p>3. Wir vereinbaren einen\u00a0<strong>ersten Termin<\/strong>\u00a0mit 90 Minuten. Termine sind ortsunabh\u00e4ngig online, telefonisch oder per E-mail m\u00f6glich. Pers\u00f6nlich auch in M\u00fcnchen oder Murnau. Falls Sie ein <strong>Intensivcoaching<\/strong> am Wochenende oder im Rahmen eines Urlaubs w\u00fcnschen, organisiere ich Ihnen auch gerne eine passende Unterkunft.<\/p>\n<p>In aller Regel k\u00f6nnen Sie noch in derselben Woche starten. Bei einem Coaching erfolgt keine\u00a0<strong>\u00dcbermittlung von Diagnosen an die Krankenkasse<\/strong>, die auch berufliche Konsequenzen haben kann.\u00a0<strong>Beruflich<\/strong> veranlasstes Coaching ist \u00fcbrigens <strong>steuerlich absetzbar<\/strong>.<\/p>\n<p>4. Nach dem ersten Termin entscheiden wir, in welchen Abst\u00e4nden wir uns f\u00fcr einen\u00a0<strong>wirkungsvollen Verlauf <\/strong>treffen sollten.\u00a0<strong>Kein Anliegen gleicht dem anderen<\/strong>\u00a0und auch die Dringlichkeit spielt eine Rolle. Manchmal gen\u00fcgen ein oder zwei Sitzungen, w\u00e4hrend gro\u00dfe Themen eine l\u00e4ngerfristige Begleitung erfordern k\u00f6nnen. Generell <strong>verpflichten Sie sich bei mir nicht zur Abnahme eines bestimmten Kontingents<\/strong>, sondern k\u00f6nnen jederzeit unterbrechen oder auch Ihr Coaching beenden, wenn Sie Ihr Ziel erreicht haben.<\/p>\n<\/div>\n\t\t<\/div><div id=\"panel-18-3-0-1\" class=\"so-panel widget panel-last-child\" data-index=\"5\" ><\/div><\/div><\/div><div id=\"pg-18-4\"  class=\"panel-grid panel-has-style\" ><div class=\"siteorigin-panels-stretch panel-row-style panel-row-style-for-18-4\" data-stretch-type=\"full\" ><div id=\"pgc-18-4-0\"  class=\"panel-grid-cell\" ><div id=\"panel-18-4-0-0\" class=\"so-panel widget widget_text panel-first-child panel-last-child\" data-index=\"6\" >\t\t\t<div class=\"textwidget\"><h2><span style=\"color: #ffffff;\">Zum Wo<\/span><\/h2>\n<\/div>\n\t\t<\/div><\/div><\/div><\/div><div id=\"pg-18-5\"  class=\"panel-grid panel-no-style\" ><div id=\"pgc-18-5-0\"  class=\"panel-grid-cell\" ><div id=\"panel-18-5-0-0\" class=\"so-panel widget widget_text panel-first-child panel-last-child\" data-index=\"7\" >\t\t\t<div class=\"textwidget\"><p>Termine sind weltweit ortsunabh\u00e4ngig Online, telefonisch oder per E-mail m\u00f6glich.<\/p>\n<p>Pers\u00f6nlich auch in <a href=\"https:\/\/lebensschau.com\/muenchen\/\"><u>M\u00fcnchen<\/u><\/a> und <a href=\"https:\/\/lebensschau.com\/de\/murnau\/\"><u>Murnau.<\/u><\/a><\/p>\n<p>Ich freue mich auf Sie.<\/p>\n<\/div>\n\t\t<\/div><\/div><\/div><div id=\"pg-18-6\"  class=\"panel-grid panel-no-style\" ><div id=\"pgc-18-6-0\"  class=\"panel-grid-cell\" ><div id=\"panel-18-6-0-0\" class=\"so-panel widget panel-first-child panel-last-child\" data-index=\"8\" ><\/div><\/div><\/div><div id=\"pg-18-7\"  class=\"panel-grid panel-has-style\" ><div class=\"siteorigin-panels-stretch panel-row-style panel-row-style-for-18-7\" data-stretch-type=\"full\" ><div id=\"pgc-18-7-0\"  class=\"panel-grid-cell\" ><div id=\"panel-18-7-0-0\" class=\"so-panel widget widget_text panel-first-child panel-last-child\" data-index=\"9\" >\t\t\t<div class=\"textwidget\"><h2><font color=\"#ffffff\">FAQs<\/font><\/h2>\n<\/div>\n\t\t<\/div><\/div><\/div><\/div><div id=\"pg-18-8\"  class=\"panel-grid panel-no-style\" ><div id=\"pgc-18-8-0\"  class=\"panel-grid-cell\" ><div id=\"panel-18-8-0-0\" class=\"so-panel widget widget_sow-accordion panel-first-child panel-last-child\" data-index=\"10\" ><div\n\t\t\t\n\t\t\tclass=\"so-widget-sow-accordion so-widget-sow-accordion-default-99be652ed941-18\"\n\t\t\t\n\t\t><div>\n\t<div class=\"sow-accordion\">\n\t\t\t<div class=\"sow-accordion-panel\n\t\t\t\t\"\n\t\t\tdata-anchor-id=\"vorteile-einer-zusammenarbeit-mit-mir\">\n\t\t\t\t<div class=\"sow-accordion-panel-header-container\" role=\"heading\" aria-level=\"2\">\n\t\t\t\t\t<div class=\"sow-accordion-panel-header\" tabindex=\"0\" role=\"button\" id=\"accordion-label-vorteile-einer-zusammenarbeit-mit-mir\" aria-controls=\"accordion-content-vorteile-einer-zusammenarbeit-mit-mir\" aria-expanded=\"false\">\n\t\t\t\t\t\t<div class=\"sow-accordion-title sow-accordion-title-icon-left\">\n\t\t\t\t\t\t\t\t\t\t\t\t\t\tVorteile einer Zusammenarbeit mit mir\t\t\t\t\t\t\t\t\t\t\t\t\t<\/div>\n\t\t\t\t\t\t<div class=\"sow-accordion-open-close-button\">\n\t\t\t\t\t\t\t<div class=\"sow-accordion-open-button\">\n\t\t\t\t\t\t\t\t<span class=\"sow-icon-ionicons\" data-sow-icon=\"&#xf218;\"\n\t\t \n\t\taria-hidden=\"true\"><\/span>\t\t\t\t\t\t\t<\/div>\n\t\t\t\t\t\t\t<div class=\"sow-accordion-close-button\">\n\t\t\t\t\t\t\t\t<span class=\"sow-icon-ionicons\" data-sow-icon=\"&#xf209;\"\n\t\t \n\t\taria-hidden=\"true\"><\/span>\t\t\t\t\t\t\t<\/div>\n\t\t\t\t\t\t<\/div>\n\t\t\t\t\t<\/div>\n\t\t\t\t<\/div>\n\n\t\t\t<div\n\t\t\t\tclass=\"sow-accordion-panel-content\"\n\t\t\t\trole=\"region\"\n\t\t\t\taria-labelledby=\"accordion-label-vorteile-einer-zusammenarbeit-mit-mir\"\n\t\t\t\tid=\"accordion-content-vorteile-einer-zusammenarbeit-mit-mir\"\n\t\t\t\tstyle=\"display: none;\"\t\t\t>\n\t\t\t\t<div class=\"sow-accordion-panel-border\">\n\t\t\t\t\t- <b>Kurze Wartezeiten:<\/b> Meist k\u00f6nnen Sie noch in derselben Woche starten<br \/>\n- <b>Flexible Termine<\/b> auch am Abend und am Wochenende<br \/>\n- <b>Keine vertragliche Bindung:<\/b> Sie k\u00f6nnen Ihr Coaching jederzeit unterbrechen oder beenden<br \/>\nIch bin <b>\u00fcberzeugte Generalistin statt Spezialistin<\/b> und bringe umfassende Lebens- und Coaching-Erfahrung im beruflichen und im privaten Bereich mit. \n<br \/><br \/>\n<b>Die Vorteile f\u00fcr Sie:<\/b><br \/>\n- ich kann \u00fcber den Tellerrand blicken und Zusammenh\u00e4nge erkennen, die einem Spezialisten verborgen bleiben. <br \/>\n- Viele meiner Klienten kommen zun\u00e4chst wegen eines beruflichen Themas, um dann auch im Privaten Lebensthemen anzusehen und so ihre Lebensqualit\u00e4t zu verbessern. Manchmal auch erst Monate sp\u00e4ter. Das Gute ist, dass wir nicht wieder bei null anfangen, weil ich bereits wichtige Informationen aus Ihrem Leben kenne.\t\t\t\t<\/div>\n\t\t\t<\/div>\n\t\t<\/div>\n\t\t\t<div class=\"sow-accordion-panel\n\t\t\t\t\"\n\t\t\tdata-anchor-id=\"wie-lange-dauert-ein-einzelner-coachingtermin\">\n\t\t\t\t<div class=\"sow-accordion-panel-header-container\" role=\"heading\" aria-level=\"2\">\n\t\t\t\t\t<div class=\"sow-accordion-panel-header\" tabindex=\"0\" role=\"button\" id=\"accordion-label-wie-lange-dauert-ein-einzelner-coachingtermin\" aria-controls=\"accordion-content-wie-lange-dauert-ein-einzelner-coachingtermin\" aria-expanded=\"false\">\n\t\t\t\t\t\t<div class=\"sow-accordion-title sow-accordion-title-icon-left\">\n\t\t\t\t\t\t\t\t\t\t\t\t\t\tWie lange dauert ein einzelner Coachingtermin?\t\t\t\t\t\t\t\t\t\t\t\t\t<\/div>\n\t\t\t\t\t\t<div class=\"sow-accordion-open-close-button\">\n\t\t\t\t\t\t\t<div class=\"sow-accordion-open-button\">\n\t\t\t\t\t\t\t\t<span class=\"sow-icon-ionicons\" data-sow-icon=\"&#xf218;\"\n\t\t \n\t\taria-hidden=\"true\"><\/span>\t\t\t\t\t\t\t<\/div>\n\t\t\t\t\t\t\t<div class=\"sow-accordion-close-button\">\n\t\t\t\t\t\t\t\t<span class=\"sow-icon-ionicons\" data-sow-icon=\"&#xf209;\"\n\t\t \n\t\taria-hidden=\"true\"><\/span>\t\t\t\t\t\t\t<\/div>\n\t\t\t\t\t\t<\/div>\n\t\t\t\t\t<\/div>\n\t\t\t\t<\/div>\n\n\t\t\t<div\n\t\t\t\tclass=\"sow-accordion-panel-content\"\n\t\t\t\trole=\"region\"\n\t\t\t\taria-labelledby=\"accordion-label-wie-lange-dauert-ein-einzelner-coachingtermin\"\n\t\t\t\tid=\"accordion-content-wie-lange-dauert-ein-einzelner-coachingtermin\"\n\t\t\t\tstyle=\"display: none;\"\t\t\t>\n\t\t\t\t<div class=\"sow-accordion-panel-border\">\n\t\t\t\t\tDer erste Coachingtermin dauert bei mir in der Regel <b>90 Minuten<\/b>, da es Zeit braucht, um einen guten Einblick in Ihre aktuelle Situation zu erhalten. \n<br \/><br \/>\nDanach besprechen wir gemeinsam die Dauer der weiteren Termine. Prinzipiell bin ich hier auch gerne flexibel \u2013 entscheidend ist, dass Sie sich mit dem zeitlichen Rahmen wohlf\u00fchlen und <b>das Gef\u00fchl haben, dass das Coaching Ihnen gut tut.<\/b>\t\t\t\t<\/div>\n\t\t\t<\/div>\n\t\t<\/div>\n\t\t\t<div class=\"sow-accordion-panel\n\t\t\t\t\"\n\t\t\tdata-anchor-id=\"wie-lange-dauert-ein-coaching\">\n\t\t\t\t<div class=\"sow-accordion-panel-header-container\" role=\"heading\" aria-level=\"2\">\n\t\t\t\t\t<div class=\"sow-accordion-panel-header\" tabindex=\"0\" role=\"button\" id=\"accordion-label-wie-lange-dauert-ein-coaching\" aria-controls=\"accordion-content-wie-lange-dauert-ein-coaching\" aria-expanded=\"false\">\n\t\t\t\t\t\t<div class=\"sow-accordion-title sow-accordion-title-icon-left\">\n\t\t\t\t\t\t\t\t\t\t\t\t\t\tWie lange dauert ein Coaching?\t\t\t\t\t\t\t\t\t\t\t\t\t<\/div>\n\t\t\t\t\t\t<div class=\"sow-accordion-open-close-button\">\n\t\t\t\t\t\t\t<div class=\"sow-accordion-open-button\">\n\t\t\t\t\t\t\t\t<span class=\"sow-icon-ionicons\" data-sow-icon=\"&#xf218;\"\n\t\t \n\t\taria-hidden=\"true\"><\/span>\t\t\t\t\t\t\t<\/div>\n\t\t\t\t\t\t\t<div class=\"sow-accordion-close-button\">\n\t\t\t\t\t\t\t\t<span class=\"sow-icon-ionicons\" data-sow-icon=\"&#xf209;\"\n\t\t \n\t\taria-hidden=\"true\"><\/span>\t\t\t\t\t\t\t<\/div>\n\t\t\t\t\t\t<\/div>\n\t\t\t\t\t<\/div>\n\t\t\t\t<\/div>\n\n\t\t\t<div\n\t\t\t\tclass=\"sow-accordion-panel-content\"\n\t\t\t\trole=\"region\"\n\t\t\t\taria-labelledby=\"accordion-label-wie-lange-dauert-ein-coaching\"\n\t\t\t\tid=\"accordion-content-wie-lange-dauert-ein-coaching\"\n\t\t\t\tstyle=\"display: none;\"\t\t\t>\n\t\t\t\t<div class=\"sow-accordion-panel-border\">\n\t\t\t\t\tDie Dauer eines Coachings ist so <b>individuell wie die Themen, <\/b>die meine Klienten bewegen. Manche nehmen nur einen Termin wahr, andere kommen von Zeit zu Zeit, wenn ihr Leben wieder ein Anliegen bereith\u00e4lt. Weitere wollen Herausforderungen im Detail angehen und lassen sich \u00fcber einen Zeitraum von mehr als einem Jahr coachen. \n<br \/><br \/>\nBei mir <b>verpflichten Sie sich nicht zur Abnahme einer bestimmten Stundenzahl<\/b>, sondern k\u00f6nnen Ihr Coaching jederzeit beenden. Die Freiwilligkeit ist mir wichtig, da das <b>Coaching zum Menschen passen soll und nicht umgekehrt.<\/b> Nat\u00fcrlich erhalten Sie aber auch bereits im Erstgespr\u00e4ch auf Wunsch gerne R\u00fcckmeldung zur sinnvollen Gestaltung Ihres Coachings.\t\t\t\t<\/div>\n\t\t\t<\/div>\n\t\t<\/div>\n\t\t\t<div class=\"sow-accordion-panel\n\t\t\t\t\"\n\t\t\tdata-anchor-id=\"was-kostet-ein-coaching\">\n\t\t\t\t<div class=\"sow-accordion-panel-header-container\" role=\"heading\" aria-level=\"2\">\n\t\t\t\t\t<div class=\"sow-accordion-panel-header\" tabindex=\"0\" role=\"button\" id=\"accordion-label-was-kostet-ein-coaching\" aria-controls=\"accordion-content-was-kostet-ein-coaching\" aria-expanded=\"false\">\n\t\t\t\t\t\t<div class=\"sow-accordion-title sow-accordion-title-icon-left\">\n\t\t\t\t\t\t\t\t\t\t\t\t\t\tWas kostet ein Coaching?\t\t\t\t\t\t\t\t\t\t\t\t\t<\/div>\n\t\t\t\t\t\t<div class=\"sow-accordion-open-close-button\">\n\t\t\t\t\t\t\t<div class=\"sow-accordion-open-button\">\n\t\t\t\t\t\t\t\t<span class=\"sow-icon-ionicons\" data-sow-icon=\"&#xf218;\"\n\t\t \n\t\taria-hidden=\"true\"><\/span>\t\t\t\t\t\t\t<\/div>\n\t\t\t\t\t\t\t<div class=\"sow-accordion-close-button\">\n\t\t\t\t\t\t\t\t<span class=\"sow-icon-ionicons\" data-sow-icon=\"&#xf209;\"\n\t\t \n\t\taria-hidden=\"true\"><\/span>\t\t\t\t\t\t\t<\/div>\n\t\t\t\t\t\t<\/div>\n\t\t\t\t\t<\/div>\n\t\t\t\t<\/div>\n\n\t\t\t<div\n\t\t\t\tclass=\"sow-accordion-panel-content\"\n\t\t\t\trole=\"region\"\n\t\t\t\taria-labelledby=\"accordion-label-was-kostet-ein-coaching\"\n\t\t\t\tid=\"accordion-content-was-kostet-ein-coaching\"\n\t\t\t\tstyle=\"display: none;\"\t\t\t>\n\t\t\t\t<div class=\"sow-accordion-panel-border\">\n\t\t\t\t\tDies h\u00e4ngt von Ihrem jeweiligen Anliegen ab, aber Sie gehen bei mir <b>keine vertragliche Verpflichtung<\/b> ein, sondern k\u00f6nnen Ihr Coaching jederzeit unterbrechen oder auch beenden. Mir ist es wichtig, dass meine Klienten frei entscheiden k\u00f6nnen wie lange Ihr Coaching dauert. Sie erhalten im Rahmen des <b>kostenlosen Vorgespr\u00e4chs <\/b>gerne konkrete Informationen zu den Kosten und zur Abrechnung im In- und Ausland. Berufliches Coaching k\u00f6nnen Sie \u00fcbrigens in Deutschland von der Steuer absetzen.\t\t\t\t<\/div>\n\t\t\t<\/div>\n\t\t<\/div>\n\t\t\t<div class=\"sow-accordion-panel\n\t\t\t\t\"\n\t\t\tdata-anchor-id=\"coaching-oder-therapie\">\n\t\t\t\t<div class=\"sow-accordion-panel-header-container\" role=\"heading\" aria-level=\"2\">\n\t\t\t\t\t<div class=\"sow-accordion-panel-header\" tabindex=\"0\" role=\"button\" id=\"accordion-label-coaching-oder-therapie\" aria-controls=\"accordion-content-coaching-oder-therapie\" aria-expanded=\"false\">\n\t\t\t\t\t\t<div class=\"sow-accordion-title sow-accordion-title-icon-left\">\n\t\t\t\t\t\t\t\t\t\t\t\t\t\tCoaching oder Therapie?\t\t\t\t\t\t\t\t\t\t\t\t\t<\/div>\n\t\t\t\t\t\t<div class=\"sow-accordion-open-close-button\">\n\t\t\t\t\t\t\t<div class=\"sow-accordion-open-button\">\n\t\t\t\t\t\t\t\t<span class=\"sow-icon-ionicons\" data-sow-icon=\"&#xf218;\"\n\t\t \n\t\taria-hidden=\"true\"><\/span>\t\t\t\t\t\t\t<\/div>\n\t\t\t\t\t\t\t<div class=\"sow-accordion-close-button\">\n\t\t\t\t\t\t\t\t<span class=\"sow-icon-ionicons\" data-sow-icon=\"&#xf209;\"\n\t\t \n\t\taria-hidden=\"true\"><\/span>\t\t\t\t\t\t\t<\/div>\n\t\t\t\t\t\t<\/div>\n\t\t\t\t\t<\/div>\n\t\t\t\t<\/div>\n\n\t\t\t<div\n\t\t\t\tclass=\"sow-accordion-panel-content\"\n\t\t\t\trole=\"region\"\n\t\t\t\taria-labelledby=\"accordion-label-coaching-oder-therapie\"\n\t\t\t\tid=\"accordion-content-coaching-oder-therapie\"\n\t\t\t\tstyle=\"display: none;\"\t\t\t>\n\t\t\t\t<div class=\"sow-accordion-panel-border\">\n\t\t\t\t\tBeide m\u00f6chten Menschen bei Herausforderungen in ihrem aktuellen Leben unterst\u00fctzen. <b>Vereinfacht gesagt <\/b>hilft Coaching gesunden Menschen und Therapie Menschen, denen nach der Schulbuchmedizin eine Diagnose gestellt wurde. <b>Die Grenzen verlaufen aber flie\u00dfend <\/b>und daher war es mir wichtig, beide Qualifikationen zu erhalten. \n<br \/><br \/>\nGerade im Coaching geht es in aller Regel um aktuelle, zeitlich \u00fcberschaubare Anliegen. Als Heilpraktikerin f\u00fcr Psychotherapie kann ich aber nach Bedarf und wenn Sie dies w\u00fcnschen auch therapeutisch mit Ihnen arbeiten. <b>Wobei Sie als Klient entscheiden. <\/b>Manchmal kommen Klienten auch nach einer Therapie f\u00fcr ein Coaching zu mir, weil sie aktiv die n\u00e4chsten Schritte in ihrem Leben gestalten m\u00f6chten. \n<br \/><br \/>\nGerne beantworte ich Ihnen bei Bedarf im Rahmen des kostenlosen Vorgespr\u00e4chs Fragen.\t\t\t\t<\/div>\n\t\t\t<\/div>\n\t\t<\/div>\n\t\t<\/div>\n<\/div>\n<\/div><\/div><\/div><\/div><div id=\"pg-18-9\"  class=\"panel-grid panel-no-style\" ><div id=\"pgc-18-9-0\"  class=\"panel-grid-cell\" ><div id=\"panel-18-9-0-0\" class=\"so-panel widget panel-first-child\" data-index=\"11\" ><\/div><div id=\"panel-18-9-0-1\" class=\"so-panel widget widget_text panel-last-child\" data-index=\"12\" >\t\t\t<div class=\"textwidget\"><div class=\"wp-block-spacer\" style=\"height: 30px;\" aria-hidden=\"true\"><\/div>\n<h2><span style=\"color: #005a9a;\">Alles beginnt mit einem Gespr\u00e4ch. Erreichen Sie mir Ihre beruflichen und\/oder privaten Ziele. Das Erstgespr\u00e4ch ist gratis und auch danach verpflichten Sie sich nur von Termin zu Termin ohne vertragliche Bindung.\u00a0<\/span><span style=\"color: #005a9a;\">Nehmen Sie heute noch Kontakt auf:<\/span><\/h2>\n<\/div>\n\t\t<\/div><\/div><div id=\"pgc-18-9-1\"  class=\"panel-grid-cell\" ><div id=\"panel-18-9-1-0\" class=\"so-panel widget panel-first-child\" data-index=\"13\" ><\/div><div id=\"panel-18-9-1-1\" class=\"so-panel widget widget_text panel-last-child\" data-index=\"14\" >\t\t\t<div class=\"textwidget\"><p><img loading=\"lazy\" decoding=\"async\" class=\"aligncenter size-full wp-image-4601\" src=\"https:\/\/lebensschau.com\/wp-content\/uploads\/2022\/05\/renate_2022_4.png\" alt=\"\" width=\"400\" height=\"421\" srcset=\"https:\/\/lebensschau.com\/wp-content\/uploads\/2022\/05\/renate_2022_4.png 400w, https:\/\/lebensschau.com\/wp-content\/uploads\/2022\/05\/renate_2022_4-285x300.png 285w\" sizes=\"auto, (max-width: 400px) 100vw, 400px\" \/><\/p>\n<p><img loading=\"lazy\" decoding=\"async\" class=\"aligncenter size-full wp-image-1755\" src=\"https:\/\/lebensschau.com\/wp-content\/uploads\/2020\/09\/renate_mistral_blau.jpg\" alt=\"\" width=\"227\" height=\"58\" \/><\/p>\n<\/div>\n\t\t<\/div><\/div><\/div><div id=\"pg-18-10\"  class=\"panel-grid panel-has-style\" ><div class=\"siteorigin-panels-stretch panel-row-style panel-row-style-for-18-10\" id=\"Kontakt\" data-stretch-type=\"full\" ><div id=\"pgc-18-10-0\"  class=\"panel-grid-cell\" ><div id=\"panel-18-10-0-0\" class=\"so-panel widget widget_text panel-first-child panel-last-child\" data-index=\"15\" >\t\t\t<div class=\"textwidget\">\n<div class=\"wpcf7 no-js\" id=\"wpcf7-f5-o1\" lang=\"de-DE\" dir=\"ltr\" data-wpcf7-id=\"5\">\n<div class=\"screen-reader-response\"><p role=\"status\" aria-live=\"polite\" aria-atomic=\"true\"><\/p> <ul><\/ul><\/div>\n<form action=\"\/de\/wp-json\/wp\/v2\/pages\/18#wpcf7-f5-o1\" method=\"post\" class=\"wpcf7-form init\" aria-label=\"Kontaktformular\" novalidate=\"novalidate\" data-status=\"init\">\n<fieldset class=\"hidden-fields-container\"><input type=\"hidden\" name=\"_wpcf7\" value=\"5\" \/><input type=\"hidden\" name=\"_wpcf7_version\" value=\"6.1.4\" \/><input type=\"hidden\" name=\"_wpcf7_locale\" value=\"de_DE\" \/><input type=\"hidden\" name=\"_wpcf7_unit_tag\" value=\"wpcf7-f5-o1\" \/><input type=\"hidden\" name=\"_wpcf7_container_post\" value=\"0\" \/><input type=\"hidden\" name=\"_wpcf7_posted_data_hash\" value=\"\" \/>\n<\/fieldset>\n<div id=\"responsive-form\" class=\"clearfix\">\n\t<div class=\"form-row\">\n\t\t<div class=\"column-half\">\n\t\t\t<h3>\n\t\t\t\t<font color=\"#000000\">Ihr Name (Pflichtfeld)\n\t\t\t\t<\/font>\n\t\t\t<\/h3>\n\t\t\t<p><span class=\"wpcf7-form-control-wrap\" data-name=\"vorname\"><input size=\"40\" maxlength=\"400\" class=\"wpcf7-form-control wpcf7-text wpcf7-validates-as-required\" aria-required=\"true\" aria-invalid=\"false\" value=\"\" type=\"text\" name=\"vorname\" \/><\/span>\n\t\t\t<\/p>\n\t\t<\/div>\n\t\t<div class=\"column-half\">\n\t\t\t<h3>\n\t\t\t\t<font color=\"#000000\">Ihre E-mail (Pflichtfeld)\n\t\t\t\t<\/font>\n\t\t\t<\/h3>\n\t\t\t<p><span class=\"wpcf7-form-control-wrap\" data-name=\"email\"><input size=\"40\" maxlength=\"400\" class=\"wpcf7-form-control wpcf7-email wpcf7-validates-as-required wpcf7-text wpcf7-validates-as-email\" aria-required=\"true\" aria-invalid=\"false\" value=\"\" type=\"email\" name=\"email\" \/><\/span>\n\t\t\t<\/p>\n\t\t<\/div>\n\t<\/div>\n\t<div class=\"form-row\">\n\t\t<div class=\"column-full\">\n\t\t\t<h3>\n\t\t\t\t<font color=\"#000000\">Ihr Anliegen:\n\t\t\t\t<\/font>\n\t\t\t<\/h3>\n\t\t\t<p><span class=\"wpcf7-form-control-wrap\" data-name=\"your-message\"><textarea cols=\"40\" rows=\"10\" maxlength=\"2000\" class=\"wpcf7-form-control wpcf7-textarea\" aria-invalid=\"false\" name=\"your-message\"><\/textarea><\/span>\n\t\t\t<\/p>\n\t\t<\/div>\n\t<\/div>\n\t<div class=\"form-row\">\n\t\t<div class=\"column-full\">\n\t\t\t<font color=\"#000000\"> Bitte vor Versand die Box anklicken (Pflichtfeld):\n\t\t\t\t<p><span class=\"wpcf7-form-control-wrap\" data-name=\"acceptance-827\"><span class=\"wpcf7-form-control wpcf7-acceptance\"><span class=\"wpcf7-list-item\"><input type=\"checkbox\" name=\"acceptance-827\" value=\"1\" aria-invalid=\"false\" \/><\/span><\/span><\/span> Datenschutz ist mir wichtig. Ihre Daten werden nur zur Kontaktaufnahme verwendet und nicht weitergegeben. N\u00e4heres zum Datenschutz finden Sie <a href=\"https:\/\/lebensschau.com\/datenschutz\/\">hier<\/a>.\n\t\t\t\t<\/p>\n\t\t\t<\/font>\n\t\t<\/div>\n\t<\/div>\n\t<div class=\"form-row\">\n\t\t<div class=\"column-full\">\n\t\t\t<p><input class=\"wpcf7-form-control wpcf7-submit has-spinner\" type=\"submit\" value=\"Senden\" \/>\n\t\t\t<\/p>\n\t\t<\/div>\n\t<\/div>\n<\/div><!--end responsive-form--><div class=\"wpcf7-response-output\" aria-hidden=\"true\"><\/div>\n<\/form>\n<\/div>\n\n<\/div>\n\t\t<\/div><\/div><\/div><\/div><\/div>","protected":false},"excerpt":{"rendered":"<p>Wie &amp; Wo &amp; FAQs<\/p>\n","protected":false},"author":1,"featured_media":0,"parent":0,"menu_order":0,"comment_status":"closed","ping_status":"closed","template":"","meta":{"footnotes":""},"class_list":["post-18","page","type-page","status-publish","hentry"],"_links":{"self":[{"href":"https:\/\/lebensschau.com\/de\/wp-json\/wp\/v2\/pages\/18","targetHints":{"allow":["GET"]}}],"collection":[{"href":"https:\/\/lebensschau.com\/de\/wp-json\/wp\/v2\/pages"}],"about":[{"href":"https:\/\/lebensschau.com\/de\/wp-json\/wp\/v2\/types\/page"}],"author":[{"embeddable":true,"href":"https:\/\/lebensschau.com\/de\/wp-json\/wp\/v2\/users\/1"}],"replies":[{"embeddable":true,"href":"https:\/\/lebensschau.com\/de\/wp-json\/wp\/v2\/comments?post=18"}],"version-history":[{"count":91,"href":"https:\/\/lebensschau.com\/de\/wp-json\/wp\/v2\/pages\/18\/revisions"}],"predecessor-version":[{"id":4632,"href":"https:\/\/lebensschau.com\/de\/wp-json\/wp\/v2\/pages\/18\/revisions\/4632"}],"wp:attachment":[{"href":"https:\/\/lebensschau.com\/de\/wp-json\/wp\/v2\/media?parent=18"}],"curies":[{"name":"wp","href":"https:\/\/api.w.org\/{rel}","templated":true}]}}