{"id":1721,"date":"2020-09-09T08:59:07","date_gmt":"2020-09-09T06:59:07","guid":{"rendered":"http:\/\/betriebsschau.com\/?page_id=1721"},"modified":"2022-05-31T16:23:53","modified_gmt":"2022-05-31T14:23:53","slug":"urlaubscoaching-in-bayern","status":"publish","type":"page","link":"https:\/\/lebensschau.com\/de\/urlaubscoaching-in-bayern\/","title":{"rendered":"Urlaubscoaching in Bayern"},"content":{"rendered":"<div id=\"pl-1721\"  class=\"panel-layout\" ><div id=\"pg-1721-0\"  class=\"panel-grid panel-no-style\" ><div id=\"pgc-1721-0-0\"  class=\"panel-grid-cell\" ><div id=\"panel-1721-0-0-0\" class=\"so-panel widget panel-first-child\" data-index=\"0\" ><\/div><div id=\"panel-1721-0-0-1\" class=\"so-panel widget widget_text panel-last-child\" data-index=\"1\" >\t\t\t<div class=\"textwidget\"><p><center><\/p>\n<h1>Urlaubscoaching in Bayern<\/h1>\n<p><\/center><br \/>\n<img decoding=\"async\" class=\"aligncenter size-full wp-image-1833\" src=\"https:\/\/lebensschau.com\/wp-content\/uploads\/2020\/09\/kuh.jpg\" alt=\"\" width=\"750\" srcset=\"https:\/\/lebensschau.com\/wp-content\/uploads\/2020\/09\/kuh.jpg 1280w, https:\/\/lebensschau.com\/wp-content\/uploads\/2020\/09\/kuh-300x202.jpg 300w, https:\/\/lebensschau.com\/wp-content\/uploads\/2020\/09\/kuh-1024x690.jpg 1024w, https:\/\/lebensschau.com\/wp-content\/uploads\/2020\/09\/kuh-768x517.jpg 768w\" sizes=\"(max-width: 1280px) 100vw, 1280px\" \/><\/p>\n<\/div>\n\t\t<\/div><\/div><\/div><div id=\"pg-1721-1\"  class=\"panel-grid panel-no-style\" ><div id=\"pgc-1721-1-0\"  class=\"panel-grid-cell\" ><div id=\"panel-1721-1-0-0\" class=\"so-panel widget panel-first-child\" data-index=\"2\" ><\/div><div id=\"panel-1721-1-0-1\" class=\"so-panel widget widget_text panel-last-child\" data-index=\"3\" >\t\t\t<div class=\"textwidget\"><p>Warum nicht das Angenehme mit dem N\u00fctzlichen verbinden und <strong>im Urlaub in Ruhe einen entspannten Blick<\/strong> auf Ihre Lebenssituation werfen und<strong> gelungene Pl\u00e4ne f\u00fcr Ihre Zukunft<\/strong> entwerfen?<\/p>\n<p>Egal ob es um Ihr <strong>Privat- und Familienleben<\/strong> geht, um Ihren <strong>Job<\/strong>, um Ihre <strong>Selbst\u00e4ndigkeit<\/strong> oder um eine Vermischung der Themen \u2013 ich begleite Sie gerne mit meinem <strong>umfassenden Wissen\u00a0als erfahrener Coach<\/strong> und Betriebswirtin\/ Unternehmerin mit Ausbildungen als Familienberaterin, Trauerbegleiterin sowie in der Verhaltens- und Entspannungstherapie. Sehen Sie sich gerne unter \u201e<a href=\"https:\/\/lebensschau.com\/#Beruf\">Business-Coaching<\/a>\u201c und \u201e<a href=\"https:\/\/lebensschau.com\/#Privat\">Life-Coaching<\/a>\u201c um und entscheiden Sie welche Themen f\u00fcr Sie wichtig sind.<\/p>\n<p>Im Rahmen des <strong>kostenlosen Vorgespr\u00e4chs<\/strong> k\u00f6nnen wir alle Ihre Fragen und W\u00fcnsche kl\u00e4ren.\u00a0An wieviel Tagen und in welchem Umfang Sie Termine wahrnehmen m\u00f6chten entscheiden Sie \u2013 bei Bedarf mache ich gerne Vorschl\u00e4ge und organisiere Ihnen auch eine passende Unterkunft.<\/p>\n<p><strong>Urlaubscoachings<\/strong> biete ich in <a href=\"https:\/\/lebensschau.com\/muenchen\/\">M\u00fcnchen<\/a> und in <a href=\"https:\/\/lebensschau.com\/de\/murnau\/\">Murnau<\/a> an \u2013 auf Wunsch k\u00f6nnen Sie auch beide Orte verbinden \u2013 der perfekte Urlaub in Bayern als Stadt- und Landkombination sozusagen. An inspirierenden Orten, die K\u00f6rper und Seele gut tun, damit Sie danach <strong>positiv gestimmt und mit geladenen Batterien<\/strong> wieder nach Hause fahren.<\/p>\n<\/div>\n\t\t<\/div><\/div><\/div><div id=\"pg-1721-2\"  class=\"panel-grid panel-no-style\" ><div id=\"pgc-1721-2-0\"  class=\"panel-grid-cell\" ><div id=\"panel-1721-2-0-0\" class=\"so-panel widget panel-first-child\" data-index=\"4\" ><\/div><div id=\"panel-1721-2-0-1\" class=\"so-panel widget widget_text panel-last-child\" data-index=\"5\" >\t\t\t<div class=\"textwidget\"><div class=\"wp-block-spacer\" style=\"height: 60px;\" aria-hidden=\"true\"><\/div>\n<h2><span style=\"color: #005a9a;\">Alles beginnt mit einem Gespr\u00e4ch. Erreichen Sie mir Ihre beruflichen und\/oder privaten Ziele. Das Erstgespr\u00e4ch ist gratis und auch danach verpflichten Sie sich nur von Termin zu Termin ohne vertragliche Bindung.\u00a0<\/span><span style=\"color: #005a9a;\">Nehmen Sie heute noch Kontakt auf:<\/span><\/h2>\n<\/div>\n\t\t<\/div><\/div><div id=\"pgc-1721-2-1\"  class=\"panel-grid-cell\" ><div id=\"panel-1721-2-1-0\" class=\"so-panel widget panel-first-child\" data-index=\"6\" ><\/div><div id=\"panel-1721-2-1-1\" class=\"so-panel widget widget_text panel-last-child\" data-index=\"7\" >\t\t\t<div class=\"textwidget\"><p><img loading=\"lazy\" decoding=\"async\" class=\"aligncenter size-full wp-image-4601\" src=\"https:\/\/lebensschau.com\/wp-content\/uploads\/2022\/05\/renate_2022_4.png\" alt=\"\" width=\"400\" height=\"421\" srcset=\"https:\/\/lebensschau.com\/wp-content\/uploads\/2022\/05\/renate_2022_4.png 400w, https:\/\/lebensschau.com\/wp-content\/uploads\/2022\/05\/renate_2022_4-285x300.png 285w\" sizes=\"auto, (max-width: 400px) 100vw, 400px\" \/><br \/>\n<img loading=\"lazy\" decoding=\"async\" class=\"aligncenter size-full wp-image-1755\" src=\"https:\/\/lebensschau.com\/wp-content\/uploads\/2020\/09\/renate_mistral_blau.jpg\" alt=\"\" width=\"227\" height=\"58\" \/><\/p>\n<\/div>\n\t\t<\/div><\/div><\/div><div id=\"pg-1721-3\"  class=\"panel-grid panel-has-style\" ><div class=\"siteorigin-panels-stretch panel-row-style panel-row-style-for-1721-3\" id=\"Kontakt\" data-stretch-type=\"full\" ><div id=\"pgc-1721-3-0\"  class=\"panel-grid-cell\" ><div id=\"panel-1721-3-0-0\" class=\"so-panel widget widget_text panel-first-child panel-last-child\" data-index=\"8\" >\t\t\t<div class=\"textwidget\">\n<div class=\"wpcf7 no-js\" id=\"wpcf7-f5-o1\" lang=\"de-DE\" dir=\"ltr\" data-wpcf7-id=\"5\">\n<div class=\"screen-reader-response\"><p role=\"status\" aria-live=\"polite\" aria-atomic=\"true\"><\/p> <ul><\/ul><\/div>\n<form action=\"\/de\/wp-json\/wp\/v2\/pages\/1721#wpcf7-f5-o1\" method=\"post\" class=\"wpcf7-form init\" aria-label=\"Kontaktformular\" novalidate=\"novalidate\" data-status=\"init\">\n<fieldset class=\"hidden-fields-container\"><input type=\"hidden\" name=\"_wpcf7\" value=\"5\" \/><input type=\"hidden\" name=\"_wpcf7_version\" value=\"6.1.4\" \/><input type=\"hidden\" name=\"_wpcf7_locale\" value=\"de_DE\" \/><input type=\"hidden\" name=\"_wpcf7_unit_tag\" value=\"wpcf7-f5-o1\" \/><input type=\"hidden\" name=\"_wpcf7_container_post\" value=\"0\" \/><input type=\"hidden\" name=\"_wpcf7_posted_data_hash\" value=\"\" \/>\n<\/fieldset>\n<div id=\"responsive-form\" class=\"clearfix\">\n\t<div class=\"form-row\">\n\t\t<div class=\"column-half\">\n\t\t\t<h3>\n\t\t\t\t<font color=\"#000000\">Ihr Name (Pflichtfeld)\n\t\t\t\t<\/font>\n\t\t\t<\/h3>\n\t\t\t<p><span class=\"wpcf7-form-control-wrap\" data-name=\"vorname\"><input size=\"40\" maxlength=\"400\" class=\"wpcf7-form-control wpcf7-text wpcf7-validates-as-required\" aria-required=\"true\" aria-invalid=\"false\" value=\"\" type=\"text\" name=\"vorname\" \/><\/span>\n\t\t\t<\/p>\n\t\t<\/div>\n\t\t<div class=\"column-half\">\n\t\t\t<h3>\n\t\t\t\t<font color=\"#000000\">Ihre E-mail (Pflichtfeld)\n\t\t\t\t<\/font>\n\t\t\t<\/h3>\n\t\t\t<p><span class=\"wpcf7-form-control-wrap\" data-name=\"email\"><input size=\"40\" maxlength=\"400\" class=\"wpcf7-form-control wpcf7-email wpcf7-validates-as-required wpcf7-text wpcf7-validates-as-email\" aria-required=\"true\" aria-invalid=\"false\" value=\"\" type=\"email\" name=\"email\" \/><\/span>\n\t\t\t<\/p>\n\t\t<\/div>\n\t<\/div>\n\t<div class=\"form-row\">\n\t\t<div class=\"column-full\">\n\t\t\t<h3>\n\t\t\t\t<font color=\"#000000\">Ihr Anliegen:\n\t\t\t\t<\/font>\n\t\t\t<\/h3>\n\t\t\t<p><span class=\"wpcf7-form-control-wrap\" data-name=\"your-message\"><textarea cols=\"40\" rows=\"10\" maxlength=\"2000\" class=\"wpcf7-form-control wpcf7-textarea\" aria-invalid=\"false\" name=\"your-message\"><\/textarea><\/span>\n\t\t\t<\/p>\n\t\t<\/div>\n\t<\/div>\n\t<div class=\"form-row\">\n\t\t<div class=\"column-full\">\n\t\t\t<font color=\"#000000\"> Bitte vor Versand die Box anklicken (Pflichtfeld):\n\t\t\t\t<p><span class=\"wpcf7-form-control-wrap\" data-name=\"acceptance-827\"><span class=\"wpcf7-form-control wpcf7-acceptance\"><span class=\"wpcf7-list-item\"><input type=\"checkbox\" name=\"acceptance-827\" value=\"1\" aria-invalid=\"false\" \/><\/span><\/span><\/span> Datenschutz ist mir wichtig. Ihre Daten werden nur zur Kontaktaufnahme verwendet und nicht weitergegeben. N\u00e4heres zum Datenschutz finden Sie <a href=\"https:\/\/lebensschau.com\/datenschutz\/\">hier<\/a>.\n\t\t\t\t<\/p>\n\t\t\t<\/font>\n\t\t<\/div>\n\t<\/div>\n\t<div class=\"form-row\">\n\t\t<div class=\"column-full\">\n\t\t\t<p><input class=\"wpcf7-form-control wpcf7-submit has-spinner\" type=\"submit\" value=\"Senden\" \/>\n\t\t\t<\/p>\n\t\t<\/div>\n\t<\/div>\n<\/div><!--end responsive-form--><div class=\"wpcf7-response-output\" aria-hidden=\"true\"><\/div>\n<\/form>\n<\/div>\n\n<\/div>\n\t\t<\/div><\/div><\/div><\/div><\/div>","protected":false},"excerpt":{"rendered":"<p>Urlaubscoaching in Bayern Warum nicht das Angenehme mit dem N\u00fctzlichen verbinden und im Urlaub in Ruhe einen entspannten Blick auf Ihre Lebenssituation werfen und gelungene&hellip;<\/p>\n","protected":false},"author":1,"featured_media":0,"parent":0,"menu_order":0,"comment_status":"closed","ping_status":"closed","template":"","meta":{"footnotes":""},"class_list":["post-1721","page","type-page","status-publish","hentry"],"_links":{"self":[{"href":"https:\/\/lebensschau.com\/de\/wp-json\/wp\/v2\/pages\/1721","targetHints":{"allow":["GET"]}}],"collection":[{"href":"https:\/\/lebensschau.com\/de\/wp-json\/wp\/v2\/pages"}],"about":[{"href":"https:\/\/lebensschau.com\/de\/wp-json\/wp\/v2\/types\/page"}],"author":[{"embeddable":true,"href":"https:\/\/lebensschau.com\/de\/wp-json\/wp\/v2\/users\/1"}],"replies":[{"embeddable":true,"href":"https:\/\/lebensschau.com\/de\/wp-json\/wp\/v2\/comments?post=1721"}],"version-history":[{"count":33,"href":"https:\/\/lebensschau.com\/de\/wp-json\/wp\/v2\/pages\/1721\/revisions"}],"predecessor-version":[{"id":4638,"href":"https:\/\/lebensschau.com\/de\/wp-json\/wp\/v2\/pages\/1721\/revisions\/4638"}],"wp:attachment":[{"href":"https:\/\/lebensschau.com\/de\/wp-json\/wp\/v2\/media?parent=1721"}],"curies":[{"name":"wp","href":"https:\/\/api.w.org\/{rel}","templated":true}]}}