{"id":1705,"date":"2020-09-09T08:51:56","date_gmt":"2020-09-09T06:51:56","guid":{"rendered":"http:\/\/betriebsschau.com\/?page_id=1705"},"modified":"2022-05-31T16:22:59","modified_gmt":"2022-05-31T14:22:59","slug":"check-up","status":"publish","type":"page","link":"https:\/\/lebensschau.com\/de\/check-up\/","title":{"rendered":"Check up"},"content":{"rendered":"<div id=\"pl-1705\"  class=\"panel-layout\" ><div id=\"pg-1705-0\"  class=\"panel-grid panel-no-style\" ><div id=\"pgc-1705-0-0\"  class=\"panel-grid-cell\" ><div id=\"panel-1705-0-0-0\" class=\"so-panel widget panel-first-child\" data-index=\"0\" ><\/div><div id=\"panel-1705-0-0-1\" class=\"so-panel widget widget_text panel-last-child\" data-index=\"1\" >\t\t\t<div class=\"textwidget\"><p><center><\/p>\n<h1>Coaching Check-Up<\/h1>\n<p><\/center><br \/>\n<img decoding=\"async\" class=\"aligncenter size-full wp-image-1706\" src=\"https:\/\/lebensschau.com\/wp-content\/uploads\/2020\/09\/betriebsschau.jpg\" alt=\"\" width=\"750\" srcset=\"https:\/\/lebensschau.com\/wp-content\/uploads\/2020\/09\/betriebsschau.jpg 800w, https:\/\/lebensschau.com\/wp-content\/uploads\/2020\/09\/betriebsschau-300x150.jpg 300w, https:\/\/lebensschau.com\/wp-content\/uploads\/2020\/09\/betriebsschau-768x384.jpg 768w\" sizes=\"(max-width: 800px) 100vw, 800px\" \/><\/p>\n<\/div>\n\t\t<\/div><\/div><\/div><div id=\"pg-1705-1\"  class=\"panel-grid panel-no-style\" ><div id=\"pgc-1705-1-0\"  class=\"panel-grid-cell\" ><div id=\"panel-1705-1-0-0\" class=\"so-panel widget panel-first-child\" data-index=\"2\" ><\/div><div id=\"panel-1705-1-0-1\" class=\"so-panel widget widget_text panel-last-child\" data-index=\"3\" >\t\t\t<div class=\"textwidget\"><p>Ich habe eine ganze Reihe von Klienten, die sich in Abst\u00e4nden von mehreren Monaten f\u00fcr ein Coaching Zeit nehmen, um <strong>aktuelle Themen<\/strong> zu besprechen. Von Ihnen habe ich die Idee f\u00fcr ein <strong>Coaching Check-Up<\/strong>.<\/p>\n<p>F\u00fcr den K\u00f6rper gibt es eine ganze Reihe von Vorsorgeuntersuchungen \u2013<strong>\u00a0f\u00fcr die Psyche gibt es diese leider noch nicht<\/strong>, obwohl der Stress und die Zahl der Erkrankungen steigen.<\/p>\n<p>Dabei gilt hier genauso, dass <strong>Vorbeugung<\/strong> im Sinne einer fr\u00fchzeitigen Einsch\u00e4tzung und Reaktion auf belastende Themen <strong>gr\u00f6\u00dfere gesundheitliche Probleme verhindern<\/strong> kann.<\/p>\n<p>Daher lade ich Sie ein im Rahmen eines <strong>2- bis 4-st\u00fcndigen Check-Ups<\/strong> einen Blick auf Ihr aktuelle Lebens- \/ Berufssituation zu werfen. R\u00e4umen Sie mit mir rechtzeitig kleine \u00c4rgernisse aus dem Weg bevor sie zu gr\u00f6\u00dferem Stress f\u00fchren und <strong>verbessern Sie Ihre Lebensqualit\u00e4t<\/strong>. Oder holen Sie sich von mir als <strong>neutraler Dritter eine R\u00fcckmeldung<\/strong> zu Ihrer Situation ein, wenn Sie sich nicht sicher sind wo Sie stehen und Klarheit w\u00fcnschen.<\/p>\n<\/div>\n\t\t<\/div><\/div><\/div><div id=\"pg-1705-2\"  class=\"panel-grid panel-no-style\" ><div id=\"pgc-1705-2-0\"  class=\"panel-grid-cell\" ><div id=\"panel-1705-2-0-0\" class=\"so-panel widget panel-first-child\" data-index=\"4\" ><\/div><div id=\"panel-1705-2-0-1\" class=\"so-panel widget widget_text panel-last-child\" data-index=\"5\" >\t\t\t<div class=\"textwidget\"><div class=\"wp-block-spacer\" style=\"height: 60px;\" aria-hidden=\"true\"><\/div>\n<h2><span style=\"color: #005a9a;\">Alles beginnt mit einem Gespr\u00e4ch. Erreichen Sie mir Ihre beruflichen und\/oder privaten Ziele. Das Erstgespr\u00e4ch ist gratis und auch danach verpflichten Sie sich nur von Termin zu Termin ohne vertragliche Bindung.\u00a0<\/span><span style=\"color: #005a9a;\">Nehmen Sie heute noch Kontakt auf:<\/span><\/h2>\n<\/div>\n\t\t<\/div><\/div><div id=\"pgc-1705-2-1\"  class=\"panel-grid-cell\" ><div id=\"panel-1705-2-1-0\" class=\"so-panel widget panel-first-child\" data-index=\"6\" ><\/div><div id=\"panel-1705-2-1-1\" class=\"so-panel widget widget_text panel-last-child\" data-index=\"7\" >\t\t\t<div class=\"textwidget\"><p><img loading=\"lazy\" decoding=\"async\" class=\"aligncenter size-full wp-image-4601\" src=\"https:\/\/lebensschau.com\/wp-content\/uploads\/2022\/05\/renate_2022_4.png\" alt=\"\" width=\"400\" height=\"421\" srcset=\"https:\/\/lebensschau.com\/wp-content\/uploads\/2022\/05\/renate_2022_4.png 400w, https:\/\/lebensschau.com\/wp-content\/uploads\/2022\/05\/renate_2022_4-285x300.png 285w\" sizes=\"auto, (max-width: 400px) 100vw, 400px\" \/><\/p>\n<p><img loading=\"lazy\" decoding=\"async\" class=\"aligncenter size-full wp-image-1755\" src=\"https:\/\/lebensschau.com\/wp-content\/uploads\/2020\/09\/renate_mistral_blau.jpg\" alt=\"\" width=\"227\" height=\"58\" \/><\/p>\n<\/div>\n\t\t<\/div><\/div><\/div><div id=\"pg-1705-3\"  class=\"panel-grid panel-has-style\" ><div class=\"siteorigin-panels-stretch panel-row-style panel-row-style-for-1705-3\" id=\"Kontakt\" data-stretch-type=\"full\" ><div id=\"pgc-1705-3-0\"  class=\"panel-grid-cell\" ><div id=\"panel-1705-3-0-0\" class=\"so-panel widget widget_text panel-first-child panel-last-child\" data-index=\"8\" >\t\t\t<div class=\"textwidget\">\n<div class=\"wpcf7 no-js\" id=\"wpcf7-f5-o1\" lang=\"de-DE\" dir=\"ltr\" data-wpcf7-id=\"5\">\n<div class=\"screen-reader-response\"><p role=\"status\" aria-live=\"polite\" aria-atomic=\"true\"><\/p> <ul><\/ul><\/div>\n<form action=\"\/de\/wp-json\/wp\/v2\/pages\/1705#wpcf7-f5-o1\" method=\"post\" class=\"wpcf7-form init\" aria-label=\"Kontaktformular\" novalidate=\"novalidate\" data-status=\"init\">\n<fieldset class=\"hidden-fields-container\"><input type=\"hidden\" name=\"_wpcf7\" value=\"5\" \/><input type=\"hidden\" name=\"_wpcf7_version\" value=\"6.1.4\" \/><input type=\"hidden\" name=\"_wpcf7_locale\" value=\"de_DE\" \/><input type=\"hidden\" name=\"_wpcf7_unit_tag\" value=\"wpcf7-f5-o1\" \/><input type=\"hidden\" name=\"_wpcf7_container_post\" value=\"0\" \/><input type=\"hidden\" name=\"_wpcf7_posted_data_hash\" value=\"\" \/>\n<\/fieldset>\n<div id=\"responsive-form\" class=\"clearfix\">\n\t<div class=\"form-row\">\n\t\t<div class=\"column-half\">\n\t\t\t<h3>\n\t\t\t\t<font color=\"#000000\">Ihr Name (Pflichtfeld)\n\t\t\t\t<\/font>\n\t\t\t<\/h3>\n\t\t\t<p><span class=\"wpcf7-form-control-wrap\" data-name=\"vorname\"><input size=\"40\" maxlength=\"400\" class=\"wpcf7-form-control wpcf7-text wpcf7-validates-as-required\" aria-required=\"true\" aria-invalid=\"false\" value=\"\" type=\"text\" name=\"vorname\" \/><\/span>\n\t\t\t<\/p>\n\t\t<\/div>\n\t\t<div class=\"column-half\">\n\t\t\t<h3>\n\t\t\t\t<font color=\"#000000\">Ihre E-mail (Pflichtfeld)\n\t\t\t\t<\/font>\n\t\t\t<\/h3>\n\t\t\t<p><span class=\"wpcf7-form-control-wrap\" data-name=\"email\"><input size=\"40\" maxlength=\"400\" class=\"wpcf7-form-control wpcf7-email wpcf7-validates-as-required wpcf7-text wpcf7-validates-as-email\" aria-required=\"true\" aria-invalid=\"false\" value=\"\" type=\"email\" name=\"email\" \/><\/span>\n\t\t\t<\/p>\n\t\t<\/div>\n\t<\/div>\n\t<div class=\"form-row\">\n\t\t<div class=\"column-full\">\n\t\t\t<h3>\n\t\t\t\t<font color=\"#000000\">Ihr Anliegen:\n\t\t\t\t<\/font>\n\t\t\t<\/h3>\n\t\t\t<p><span class=\"wpcf7-form-control-wrap\" data-name=\"your-message\"><textarea cols=\"40\" rows=\"10\" maxlength=\"2000\" class=\"wpcf7-form-control wpcf7-textarea\" aria-invalid=\"false\" name=\"your-message\"><\/textarea><\/span>\n\t\t\t<\/p>\n\t\t<\/div>\n\t<\/div>\n\t<div class=\"form-row\">\n\t\t<div class=\"column-full\">\n\t\t\t<font color=\"#000000\"> Bitte vor Versand die Box anklicken (Pflichtfeld):\n\t\t\t\t<p><span class=\"wpcf7-form-control-wrap\" data-name=\"acceptance-827\"><span class=\"wpcf7-form-control wpcf7-acceptance\"><span class=\"wpcf7-list-item\"><input type=\"checkbox\" name=\"acceptance-827\" value=\"1\" aria-invalid=\"false\" \/><\/span><\/span><\/span> Datenschutz ist mir wichtig. Ihre Daten werden nur zur Kontaktaufnahme verwendet und nicht weitergegeben. N\u00e4heres zum Datenschutz finden Sie <a href=\"https:\/\/lebensschau.com\/datenschutz\/\">hier<\/a>.\n\t\t\t\t<\/p>\n\t\t\t<\/font>\n\t\t<\/div>\n\t<\/div>\n\t<div class=\"form-row\">\n\t\t<div class=\"column-full\">\n\t\t\t<p><input class=\"wpcf7-form-control wpcf7-submit has-spinner\" type=\"submit\" value=\"Senden\" \/>\n\t\t\t<\/p>\n\t\t<\/div>\n\t<\/div>\n<\/div><!--end responsive-form--><div class=\"wpcf7-response-output\" aria-hidden=\"true\"><\/div>\n<\/form>\n<\/div>\n\n<\/div>\n\t\t<\/div><\/div><\/div><\/div><\/div>","protected":false},"excerpt":{"rendered":"<p>Coaching Check-Up Ich habe eine ganze Reihe von Klienten, die sich in Abst\u00e4nden von mehreren Monaten f\u00fcr ein Coaching Zeit nehmen, um aktuelle Themen zu&hellip;<\/p>\n","protected":false},"author":1,"featured_media":0,"parent":0,"menu_order":0,"comment_status":"closed","ping_status":"closed","template":"","meta":{"footnotes":""},"class_list":["post-1705","page","type-page","status-publish","hentry"],"_links":{"self":[{"href":"https:\/\/lebensschau.com\/de\/wp-json\/wp\/v2\/pages\/1705","targetHints":{"allow":["GET"]}}],"collection":[{"href":"https:\/\/lebensschau.com\/de\/wp-json\/wp\/v2\/pages"}],"about":[{"href":"https:\/\/lebensschau.com\/de\/wp-json\/wp\/v2\/types\/page"}],"author":[{"embeddable":true,"href":"https:\/\/lebensschau.com\/de\/wp-json\/wp\/v2\/users\/1"}],"replies":[{"embeddable":true,"href":"https:\/\/lebensschau.com\/de\/wp-json\/wp\/v2\/comments?post=1705"}],"version-history":[{"count":28,"href":"https:\/\/lebensschau.com\/de\/wp-json\/wp\/v2\/pages\/1705\/revisions"}],"predecessor-version":[{"id":4634,"href":"https:\/\/lebensschau.com\/de\/wp-json\/wp\/v2\/pages\/1705\/revisions\/4634"}],"wp:attachment":[{"href":"https:\/\/lebensschau.com\/de\/wp-json\/wp\/v2\/media?parent=1705"}],"curies":[{"name":"wp","href":"https:\/\/api.w.org\/{rel}","templated":true}]}}